{"id":13488,"date":"2025-10-29T15:02:54","date_gmt":"2025-10-29T14:02:54","guid":{"rendered":"https:\/\/www.digitalrealestate.ch\/?page_id=13488"},"modified":"2025-10-31T09:42:50","modified_gmt":"2025-10-31T08:42:50","slug":"enquete-2026","status":"publish","type":"page","link":"https:\/\/www.digitalrealestate.ch\/fr\/enquete-2026\/","title":{"rendered":"DRES-Umfrage FR"},"content":{"rendered":"<div class=\"wpb-content-wrapper\">[vc_row][vc_column][\/vc_column][\/vc_row][vc_row css=\".vc_custom_1509731652138{margin-bottom: 30px !important;}\"][vc_column][vc_column_text css_animation=\"bounceInUp\" css=\".vc_custom_1761746651101{margin-bottom: 15px !important;}\"]\n<h1><strong>Enqu\u00eate Digital Real Estate &amp; Construction 2026<\/strong><\/h1>\n[\/vc_column_text][vc_row_inner][vc_column_inner][vc_column_text css=\"\" el_class=\"intro\"]\n<p class=\"StandardBericht\"><strong>Le degr\u00e9 de maturit\u00e9 num\u00e9rique du secteur de la construction et de l\u2019immobilier stagne. Nous souhaitons comprendre pourquoi. Aidez-nous \u00e0 analyser la situation actuelle et \u00e0 identifier de nouvelles impulsions pour l\u2019avenir de la branche.<\/strong><\/p>\n[\/vc_column_text][vc_btn title=\"Acc\u00e9der \u00e0 l\u2019enqu\u00eate\" style=\"custom\" custom_background=\"#C3006B\" custom_text=\"#FFFFFF\" shape=\"round\" size=\"sm\" align=\"center\" css=\"\" el_class=\"simple simple2\" link=\"url:https%3A%2F%2Fwww.digitalrealestate.ch%2Ffr%2Fenquete-2026%2F%23REM\"][\/vc_column_inner][\/vc_row_inner][vc_row_inner][vc_column_inner][vc_column_text css=\"\" el_class=\"intro\"]La transformation digitale du secteur de la construction et de l\u2019immobilier semble avoir atteint un plateau : pour la deuxi\u00e8me ann\u00e9e cons\u00e9cutive, le Digital Real Estate Index (DRE-i), relev\u00e9 chaque ann\u00e9e, est en baisse. Dans l\u2019\u00e9tude de cette ann\u00e9e, nous examinons les principaux obstacles \u00e0 la digitalisation et et nous nous interrogeons sur les technologies qui peuvent contribuer \u00e0 les surmonter.<\/p>\n<p>La nouveaut\u00e9 de cette \u00e9dition est la collaboration avec<a href=\"https:\/\/bauen-digital.ch\/fr\/\"> Bauen digital Schweiz \/ buildingSMART Switzerland<\/a>. Gr\u00e2ce \u00e0 ce partenariat, un nouvel indice d\u00e9di\u00e9 \u00e0 la construction et \u00e0 la fabrication voit le jour : le Digital Construction &amp; Manufacturing Index (DCM-i). Cette extension du DRE-i permet d\u2019obtenir une image encore plus compl\u00e8te de la progression num\u00e9rique tout au long de la cha\u00eene de valeur.<\/p>\n<p><strong>- Th\u00e8me principal : les obstacles \u00e0 la digitalisation<br \/>\n<\/strong>La partie th\u00e9matique de l\u2019enqu\u00eate est consacr\u00e9e aux obstacles qui freinent la transformation num\u00e9rique du secteur de la construction et de l\u2019immobilier. Elle analyse comment ces obstacles peuvent \u00eatre surmont\u00e9s gr\u00e2ce \u00e0 une utilisation cibl\u00e9e des technologies. Vos r\u00e9ponses permettront de comprendre pourquoi le secteur progresse encore lentement dans l\u2019indice.<\/p>\n<p><strong>- Votre indice personnel de digitalisation<br \/>\n<\/strong>Dans cette section, votre indice personnel de digitalisation est calcul\u00e9 \u00e0 partir de plusieurs indicateurs. Avec votre accord \u00e0 la fin du questionnaire, vous recevrez automatiquement votre indice par courriel. Le DRE-i est \u00e9tabli sur la base des r\u00e9sultats globaux de toutes les personnes participantes et publi\u00e9 selon les r\u00f4les. Pour les r\u00f4les li\u00e9s au domaine Construction &amp; Manufacturing, le DCM-i est \u00e9galement pr\u00e9sent\u00e9.<\/p>\n<p><strong>- Utilisation des technologies num\u00e9riques<br \/>\n<\/strong>Cette partie de l\u2019enqu\u00eate s\u2019adresse \u00e0 l\u2019utilisation de diff\u00e9rentes technologies digitales pertinentes pour le secteur de la construction et de l\u2019immobilier.<br data-start=\"1354\" data-end=\"1357\" \/>Ces technologies sont analys\u00e9es chaque ann\u00e9e depuis 2016 et permettent d\u2019identifier celles qui se sont impos\u00e9es sur le march\u00e9 ainsi que les domaines o\u00f9 leur valeur ajout\u00e9e est la plus importante.<\/p>\n<p>L'enqu\u00eate comprend les trois parties suivantes :<\/p>\n<p data-start=\"2503\" data-end=\"2522\"><strong>Participation<\/strong><\/p>\n<p>Pour acc\u00e9der au questionnaire correspondant, veuillez choisir le lien selon le r\u00f4le de votre entreprise. L\u2019enqu\u00eate dure environ quinze minutes. Merci d\u2019avance pour votre participation ![\/vc_column_text][\/vc_column_inner][\/vc_row_inner][\/vc_column][\/vc_row][vc_row gap=\"30\" equal_height=\"yes\" content_placement=\"top\" css=\".vc_custom_1519116958376{margin-right: 0px !important;margin-bottom: 50px !important;margin-left: 0px !important;}\"][vc_column width=\"1\/2\"][vc_row_inner el_class=\"simplebox\"][vc_column_inner css=\".vc_custom_1509791579118{padding: 0px !important;}\"][vc_single_image image=\"13468\" img_size=\"600x338\" alignment=\"center\" onclick=\"custom_link\" css_animation=\"none\" css=\".vc_custom_1761576073486{margin-bottom: 0px !important;}\" link=\"https:\/\/www.digitalrealestate.ch\/community\/thinktank\/\"][vc_column_text css_animation=\"none\" css=\".vc_custom_1761746825096{margin-top: 0px !important;padding-top: 10px !important;padding-right: 10px !important;padding-bottom: 10px !important;padding-left: 10px !important;}\" el_id=\"#REM\"]\n<h4><strong>Real Estate Management<\/strong><\/h4>\n<p data-start=\"2757\" data-end=\"2937\">Cette enqu\u00eate s\u2019adresse aux professionnel\u00b7le\u00b7s du management immobilier strat\u00e9gique et op\u00e9rationnel ainsi qu\u2019aux disciplines sp\u00e9cialis\u00e9es associ\u00e9es, occupant les r\u00f4les suivants :<\/p>\n<ul>\n<li data-start=\"2941\" data-end=\"2976\">Investisseur\u00b7euse ou propri\u00e9taire<\/li>\n<li data-start=\"2979\" data-end=\"3004\">Gestion de portefeuille<\/li>\n<li data-start=\"3007\" data-end=\"3026\">Commercialisation<\/li>\n<li data-start=\"3029\" data-end=\"3065\">Property Management \/ exploitation<\/li>\n<li data-start=\"3068\" data-end=\"3101\">Services de Facility Management<\/li>\n<li data-start=\"3104\" data-end=\"3138\">Fournisseur\u00b7euse de technologies<\/li>\n<li data-start=\"3141\" data-end=\"3170\">Conseil \/ conseil juridique<\/li>\n<li data-start=\"3173\" data-end=\"3184\">Formation<\/li>\n<li data-start=\"3187\" data-end=\"3219\">Utilisateur\u00b7trice ou locataire<\/li>\n<\/ul>\n[\/vc_column_text][vc_btn title=\"Acc\u00e9der \u00e0 l\u2019enqu\u00eate Real Estate Management\" style=\"custom\" custom_background=\"#c3006b\" custom_text=\"#ffffff\" shape=\"round\" size=\"sm\" align=\"center\" css=\"\" el_class=\"simple simple2\" link=\"url:https%3A%2F%2Fforms.office.com%2FPages%2FResponsePage.aspx%3Fid%3DJPkIKVkIR0GsvaM1EYjwbJmCICm-xARAvIhe67SSIWxUMFJRVVVXRlQ4NEZMSFA4MklHWlI4VE1XRyQlQCN0PWcu|title:Zur%20Umfrage|target:_blank\" el_id=\"REM\"][\/vc_column_inner][\/vc_row_inner][\/vc_column][vc_column width=\"1\/2\"][vc_row_inner el_class=\"simplebox\"][vc_column_inner css=\".vc_custom_1761669269474{padding-top: 0px !important;padding-right: 0px !important;padding-bottom: 0px !important;padding-left: 0px !important;}\"][vc_single_image image=\"13465\" img_size=\"600x338\" alignment=\"center\" onclick=\"custom_link\" css_animation=\"none\" css=\".vc_custom_1761576092879{margin-bottom: 0px !important;}\" link=\"https:\/\/www.digitalrealestate.ch\/community\/open-innovation-network\/\"][vc_column_text css=\".vc_custom_1761746747648{margin-top: 0px !important;padding-top: 10px !important;padding-right: 10px !important;padding-bottom: 10px !important;padding-left: 10px !important;}\"]\n<h4><strong>Construction &amp; Manufacturing<\/strong><\/h4>\n<p data-start=\"3267\" data-end=\"3452\">Cette enqu\u00eate s\u2019adresse aux professionnel\u00b7le\u00b7s directement impliqu\u00e9\u00b7e\u00b7s dans la planification, la construction, la production ou la d\u00e9construction, dans les r\u00f4les suivants :<\/p>\n<ul>\n<li data-start=\"3456\" data-end=\"3482\">D\u00e9veloppement de projets<\/li>\n<li data-start=\"3485\" data-end=\"3517\">Conseil et pilotage de projets<\/li>\n<li data-start=\"3520\" data-end=\"3617\">Planification et ing\u00e9nierie (architecture, g\u00e9nie civil, CVCSE, planification sp\u00e9cialis\u00e9e, etc.)<\/li>\n<li data-start=\"3620\" data-end=\"3680\">Ex\u00e9cution (entreprise g\u00e9n\u00e9rale, totale ou corps de m\u00e9tier)<\/li>\n<li data-start=\"3683\" data-end=\"3719\">Production, commerce et fourniture<\/li>\n<li data-start=\"3722\" data-end=\"3751\">D\u00e9construction et recyclage<\/li>\n<li data-start=\"3754\" data-end=\"3784\">Transformation et r\u00e9novation<\/li>\n<li data-start=\"3787\" data-end=\"3812\">Technologie, innovation<\/li>\n<li data-start=\"3815\" data-end=\"3841\">Disciplines sp\u00e9cialis\u00e9es<\/li>\n<\/ul>\n[\/vc_column_text][vc_btn title=\"Acc\u00e9der \u00e0 l\u2019enqu\u00eate Construction &amp; Manufacturing\" style=\"custom\" custom_background=\"#c3006b\" custom_text=\"#ffffff\" shape=\"round\" size=\"sm\" align=\"center\" css=\"\" el_class=\"simple simple2\" link=\"url:https%3A%2F%2Fforms.office.com%2FPages%2FResponsePage.aspx%3Fid%3DJPkIKVkIR0GsvaM1EYjwbJmCICm-xARAvIhe67SSIWxUNjZRRk1SU1NXV1I5SVcwSEw3STNDU09BOCQlQCN0PWcu|title:Zur%20Umfrage|target:_blank\" el_id=\"CM\"][\/vc_column_inner][\/vc_row_inner][\/vc_column][\/vc_row]\n<\/div>","protected":false},"excerpt":{"rendered":"<p>[vc_row][vc_column][\/vc_column][\/vc_row][vc_row css=\u00a0\u00bb.vc_custom_1509731652138{margin-bottom: 30px !important;}\u00a0\u00bb][vc_column][vc_column_text css_animation=\u00a0\u00bbbounceInUp\u00a0\u00bb css=\u00a0\u00bb.vc_custom_1761746651101{margin-bottom: 15px !important;}\u00a0\u00bb]<br \/>\nEnqu\u00eate Digital Real Estate &amp; Construction 2026<br \/>\n[\/vc_column_text][vc_row_inner][vc_column_inner][vc_column_text css=\u00a0\u00bb\u00a0\u00bb el_class=\u00a0\u00bbintro\u00a0\u00bb]<\/p>\n<p class=\"StandardBericht\">Le degr\u00e9 de maturit\u00e9 num\u00e9rique du secteur de la construction et de l\u2019immobilier stagne. Nous souhaitons comprendre pourquoi. Aidez-nous \u00e0 analyser la situation actuelle<\/p>\n","protected":false},"author":298,"featured_media":0,"parent":0,"menu_order":0,"comment_status":"closed","ping_status":"closed","template":"page-fullwidth.php","meta":{"_acf_changed":false,"_monsterinsights_skip_tracking":false,"_monsterinsights_sitenote_active":false,"_monsterinsights_sitenote_note":"","_monsterinsights_sitenote_category":0,"footnotes":"","_links_to":"","_links_to_target":""},"class_list":["post-13488","page","type-page","status-publish","hentry"],"acf":[],"_links":{"self":[{"href":"https:\/\/www.digitalrealestate.ch\/fr\/wp-json\/wp\/v2\/pages\/13488"}],"collection":[{"href":"https:\/\/www.digitalrealestate.ch\/fr\/wp-json\/wp\/v2\/pages"}],"about":[{"href":"https:\/\/www.digitalrealestate.ch\/fr\/wp-json\/wp\/v2\/types\/page"}],"author":[{"embeddable":true,"href":"https:\/\/www.digitalrealestate.ch\/fr\/wp-json\/wp\/v2\/users\/298"}],"replies":[{"embeddable":true,"href":"https:\/\/www.digitalrealestate.ch\/fr\/wp-json\/wp\/v2\/comments?post=13488"}],"version-history":[{"count":12,"href":"https:\/\/www.digitalrealestate.ch\/fr\/wp-json\/wp\/v2\/pages\/13488\/revisions"}],"predecessor-version":[{"id":13518,"href":"https:\/\/www.digitalrealestate.ch\/fr\/wp-json\/wp\/v2\/pages\/13488\/revisions\/13518"}],"wp:attachment":[{"href":"https:\/\/www.digitalrealestate.ch\/fr\/wp-json\/wp\/v2\/media?parent=13488"}],"curies":[{"name":"wp","href":"https:\/\/api.w.org\/{rel}","templated":true}]}}