{"id":13608,"date":"2026-02-26T16:25:15","date_gmt":"2026-02-26T15:25:15","guid":{"rendered":"https:\/\/www.digitalrealestate.ch\/produits-dre-index\/digitalisierungsindex-2026\/"},"modified":"2026-03-03T15:54:20","modified_gmt":"2026-03-03T14:54:20","slug":"digitalisierungsindex-2026","status":"publish","type":"page","link":"https:\/\/www.digitalrealestate.ch\/fr\/produits-dre-index\/digitalisierungsindex-2026\/","title":{"rendered":"Digital Real Estate Index 2026"},"content":{"rendered":"<div class=\"wpb-content-wrapper\">[vc_row][vc_column width=\"5\/6\"]<div class=\"separator_block right\" style=\"margin-bottom:0px;\"><h2>Digital Real Estate Index 2026<\/h2><div class=\"separator short\"><div class=\"separator_line\"><\/div><\/div><div class=\"clearfix\"><\/div><\/div>[vc_column_text css=\"\" el_class=\"intro\"]<strong>Le Digital Real Estate Index 2026 met en \u00e9vidence une l\u00e9g\u00e8re stabilisation du niveau de maturit\u00e9 num\u00e9rique dans le secteur de la construction et de l\u2019immobilier. Parall\u00e8lement, les diff\u00e9rences li\u00e9es \u00e0 la taille des entreprises et aux r\u00f4les professionnels tendent \u00e0 s\u2019estomper sur le plan num\u00e9rique, malgr\u00e9 des obstacles persistants en mati\u00e8re d\u2019investissements et de co\u00fbts.<\/strong>[\/vc_column_text][vc_row_inner][vc_column_inner][\/vc_column_inner][\/vc_row_inner][\/vc_column][vc_column width=\"1\/6\"][\/vc_column][\/vc_row][vc_row][vc_column width=\"1\/2\"][\/vc_column][vc_column width=\"1\/2\"][\/vc_column][\/vc_row][vc_row][vc_column][vc_column_text css=\".vc_custom_1772448741788{margin-top: 0px !important;}\" el_class=\"intro\"]Le Digital Real Estate Index 2026 attribue au secteur de la construction et de l\u2019immobilier un niveau de maturit\u00e9 num\u00e9rique de 4,3 points, marquant ainsi une l\u00e9g\u00e8re reprise par rapport \u00e0 l\u2019ann\u00e9e pr\u00e9c\u00e9dente (4,0 points). Pour la premi\u00e8re fois, le niveau de maturit\u00e9 du secteur de la construction a \u00e9t\u00e9 \u00e9valu\u00e9 s\u00e9par\u00e9ment et compar\u00e9 \u00e0 celui du Real Estate Management. Les \u00e9carts jusqu\u2019ici marqu\u00e9s entre grandes et petites entreprises diminuent sensiblement. Les petites entreprises, en particulier, ont pu augmenter leur maturit\u00e9 num\u00e9rique jusqu\u2019\u00e0 0,9 point par rapport \u00e0 l\u2019ann\u00e9e pr\u00e9c\u00e9dente. Un rapprochement s\u2019observe \u00e9galement entre les r\u00f4les : les gestionnaires immobiliers obtiennent pour la premi\u00e8re fois depuis le d\u00e9but de l\u2019enqu\u00eate un r\u00e9sultat sup\u00e9rieur \u00e0 la moyenne avec 4,4 points.<\/p>\n<p>Le th\u00e8me central de l\u2019\u00e9dition de cette ann\u00e9e portait sur les obstacles et les moteurs de la transformation num\u00e9rique. La question principale \u00e9tait de comprendre pourquoi, malgr\u00e9 des efforts d\u00e9ploy\u00e9s depuis de nombreuses ann\u00e9es, la maturit\u00e9 num\u00e9rique du secteur progresse lentement et quelles technologies pourraient permettre de surmonter ces obstacles.<\/p>\n<p>L\u2019\u00e9tude r\u00e9pond \u00e9galement aux questions suivantes :<\/p>\n<ul>\n<li>Quels objectifs les entreprises poursuivent-elles \u00e0 travers la num\u00e9risation ?<\/li>\n<li>Qui impulse principalement la num\u00e9risation au sein des organisations ?<\/li>\n<li>Quelles technologies sont les plus fr\u00e9quemment utilis\u00e9es ?<\/li>\n<li>Comment la valeur ajout\u00e9e de l\u2019intelligence artificielle est-elle actuellement \u00e9valu\u00e9e ?<\/li>\n<\/ul>\n<p>D\u00e9sormais, le Digital Real Estate Index est \u00e9galement disponible sous forme de tableau de bord interactif. Celui-ci permet une comparaison directe avec les r\u00e9sultats des \u00e9tudes pr\u00e9c\u00e9dentes.<\/p>\n<p>Vous trouverez plus d\u2019informations dans l\u2019\u00e9dition 2026.[\/vc_column_text][\/vc_column][\/vc_row][vc_row][vc_column width=\"1\/3\"][vc_btn title=\"Vers le dashboard\" style=\"custom\" custom_background=\"#C3006B\" custom_text=\"#FFFFFF\" shape=\"round\" size=\"sm\" align=\"center\" css=\"\" el_class=\"simple simple2\" link=\"url:https%3A%2F%2Fwww.digitalrealestate.ch%2Ffr%2Fdrec-dashboard%2F|target:_blank\"][\/vc_column][vc_column width=\"1\/3\"][\/vc_column][vc_column width=\"1\/3\"][\/vc_column][\/vc_row][vc_row css=\".vc_custom_1708936551575{margin-top: 50px !important;}\"][vc_column][vc_cta h2=\"Berechnen Sie jetzt kostenlos Ihren Digital Real Estate Index!\" txt_align=\"center\" shape=\"square\" add_button=\"bottom\" btn_title=\"JETZT BERECHNEN &gt;\" btn_style=\"flat\" btn_shape=\"round\" btn_color=\"pink\" btn_align=\"center\" btn_css_animation=\"none\" btn_link=\"url:https%3A%2F%2Fumfrage.digitalrealestate.ch%2Fcalculator%2F1218995%2Fh1UlYE-74034491b326da222f324bfeaf8f20fe|title:Teilnahme|target:_blank\"][\/vc_cta][\/vc_column][\/vc_row]\n<\/div>","protected":false},"excerpt":{"rendered":"<p>[vc_row][vc_column width=\u00a0\u00bb5\/6&Prime;][vc_column_text css=\u00a0\u00bb\u00a0\u00bb el_class=\u00a0\u00bbintro\u00a0\u00bb]Le Digital Real Estate Index 2026 met en \u00e9vidence une l\u00e9g\u00e8re stabilisation du niveau de maturit\u00e9 num\u00e9rique dans le secteur de la construction et de l\u2019immobilier. Parall\u00e8lement, les diff\u00e9rences li\u00e9es \u00e0 la taille des entreprises et aux<\/p>\n","protected":false},"author":298,"featured_media":13129,"parent":8816,"menu_order":4,"comment_status":"closed","ping_status":"closed","template":"page-side-navigation.php","meta":{"_acf_changed":false,"_monsterinsights_skip_tracking":false,"_monsterinsights_sitenote_active":false,"_monsterinsights_sitenote_note":"","_monsterinsights_sitenote_category":0,"footnotes":"","_links_to":"","_links_to_target":""},"class_list":["post-13608","page","type-page","status-publish","has-post-thumbnail","hentry"],"acf":[],"_links":{"self":[{"href":"https:\/\/www.digitalrealestate.ch\/fr\/wp-json\/wp\/v2\/pages\/13608"}],"collection":[{"href":"https:\/\/www.digitalrealestate.ch\/fr\/wp-json\/wp\/v2\/pages"}],"about":[{"href":"https:\/\/www.digitalrealestate.ch\/fr\/wp-json\/wp\/v2\/types\/page"}],"author":[{"embeddable":true,"href":"https:\/\/www.digitalrealestate.ch\/fr\/wp-json\/wp\/v2\/users\/298"}],"replies":[{"embeddable":true,"href":"https:\/\/www.digitalrealestate.ch\/fr\/wp-json\/wp\/v2\/comments?post=13608"}],"version-history":[{"count":3,"href":"https:\/\/www.digitalrealestate.ch\/fr\/wp-json\/wp\/v2\/pages\/13608\/revisions"}],"predecessor-version":[{"id":13625,"href":"https:\/\/www.digitalrealestate.ch\/fr\/wp-json\/wp\/v2\/pages\/13608\/revisions\/13625"}],"up":[{"embeddable":true,"href":"https:\/\/www.digitalrealestate.ch\/fr\/wp-json\/wp\/v2\/pages\/8816"}],"wp:featuredmedia":[{"embeddable":true,"href":"https:\/\/www.digitalrealestate.ch\/fr\/wp-json\/wp\/v2\/media\/13129"}],"wp:attachment":[{"href":"https:\/\/www.digitalrealestate.ch\/fr\/wp-json\/wp\/v2\/media?parent=13608"}],"curies":[{"name":"wp","href":"https:\/\/api.w.org\/{rel}","templated":true}]}}