{"id":13613,"date":"2026-02-26T13:17:11","date_gmt":"2026-02-26T12:17:11","guid":{"rendered":"https:\/\/www.digitalrealestate.ch\/drec-dashboard\/"},"modified":"2026-03-04T09:58:46","modified_gmt":"2026-03-04T08:58:46","slug":"drec-dashboard","status":"publish","type":"page","link":"https:\/\/www.digitalrealestate.ch\/fr\/drec-dashboard\/","title":{"rendered":"Digital Real Estate Studie 2026 (powerbi)"},"content":{"rendered":"<div class=\"wpb-content-wrapper\">[vc_row][vc_column][\/vc_column][\/vc_row][vc_row css=\".vc_custom_1509731652138{margin-bottom: 30px !important;}\"][vc_column][vc_column_text css_animation=\"bounceInUp\" css=\".vc_custom_1772458179271{margin-bottom: 15px !important;}\"]\n<h1 style=\"text-align: center;\"><strong>L\u2019\u00e9tude Digital Real Estate &amp; Construction 2026<\/strong><\/h1>\n[\/vc_column_text][vc_row_inner][vc_column_inner][vc_column_text css=\"\" el_class=\"intro\"]La Digital Real Estate &amp; Construction Studie est d\u00e9sormais \u00e9galement disponible pour la premi\u00e8re fois sous forme de dashboard interactif. Cela permet de comparer et de suivre dans le temps l\u2019\u00e9volution du degr\u00e9 de digitalisation et des technologies num\u00e9riques, \u00e0 travers les ann\u00e9es et les diff\u00e9rents r\u00f4les au sein des secteurs de la construction et de l\u2019immobilier.<\/p>\n<p>La Digital Real Estate &amp; Construction Studie 2026, avec les r\u00e9sultats du th\u00e8me central de cette ann\u00e9e \u00abObstacles et moteurs de la transformation digitale\u00bb, reste \u00e9galement disponible sous forme de <strong><a class=\"dre-pdf-link\" href=\"https:\/\/www.digitalrealestate.ch\/wp-content\/uploads\/DREC-Studie_2026_FR.pdf\" target=\"_blank\" rel=\"noopener\">rapport statique<\/a><\/strong>.[\/vc_column_text][\/vc_column_inner][\/vc_row_inner][\/vc_column][\/vc_row][vc_row full_height=\"yes\"][vc_column][vc_wp_text el_id=\"Bericht\" el_class=\"pbi-embed\"]\n<div class=\"pbi-embed\"><iframe id=\"pbi-dre-2026\" style=\"width: 100%; height: 85vh; min-height: 800px; border: 0; display: block;\" title=\"Digital Real Estate Umfrage 2026\" src=\"https:\/\/app.powerbi.com\/view?r=eyJrIjoiZGZiNGM3MjEtZDRhYi00NTRlLTg3YWMtZDVkNjc5MjY3MDAyIiwidCI6IjI5MDhmOTI0LTA4NTktNDE0Ny1hY2JkLWEzMzUxMTg4ZjA2YyJ9\" frameborder=\"0\" allowfullscreen=\"allowfullscreen\"><br \/>\n<\/iframe><\/div>\n[\/vc_wp_text][\/vc_column][\/vc_row]\n<\/div>","protected":false},"excerpt":{"rendered":"<p>[vc_row][vc_column][\/vc_column][\/vc_row][vc_row css=\u00a0\u00bb.vc_custom_1509731652138{margin-bottom: 30px !important;}\u00a0\u00bb][vc_column][vc_column_text css_animation=\u00a0\u00bbbounceInUp\u00a0\u00bb css=\u00a0\u00bb.vc_custom_1772458179271{margin-bottom: 15px !important;}\u00a0\u00bb]<br \/>\nL\u2019\u00e9tude Digital Real Estate &amp; Construction 2026<br \/>\n[\/vc_column_text][vc_row_inner][vc_column_inner][vc_column_text css=\u00a0\u00bb\u00a0\u00bb el_class=\u00a0\u00bbintro\u00a0\u00bb]La Digital Real Estate &amp; Construction Studie est d\u00e9sormais \u00e9galement disponible pour la premi\u00e8re fois sous forme de dashboard interactif. Cela permet de comparer et<\/p>\n","protected":false},"author":298,"featured_media":0,"parent":0,"menu_order":0,"comment_status":"closed","ping_status":"closed","template":"page-fullwidth.php","meta":{"_acf_changed":false,"_monsterinsights_skip_tracking":false,"_monsterinsights_sitenote_active":false,"_monsterinsights_sitenote_note":"","_monsterinsights_sitenote_category":0,"footnotes":"","_links_to":"","_links_to_target":""},"class_list":["post-13613","page","type-page","status-publish","hentry"],"acf":[],"_links":{"self":[{"href":"https:\/\/www.digitalrealestate.ch\/fr\/wp-json\/wp\/v2\/pages\/13613"}],"collection":[{"href":"https:\/\/www.digitalrealestate.ch\/fr\/wp-json\/wp\/v2\/pages"}],"about":[{"href":"https:\/\/www.digitalrealestate.ch\/fr\/wp-json\/wp\/v2\/types\/page"}],"author":[{"embeddable":true,"href":"https:\/\/www.digitalrealestate.ch\/fr\/wp-json\/wp\/v2\/users\/298"}],"replies":[{"embeddable":true,"href":"https:\/\/www.digitalrealestate.ch\/fr\/wp-json\/wp\/v2\/comments?post=13613"}],"version-history":[{"count":7,"href":"https:\/\/www.digitalrealestate.ch\/fr\/wp-json\/wp\/v2\/pages\/13613\/revisions"}],"predecessor-version":[{"id":13637,"href":"https:\/\/www.digitalrealestate.ch\/fr\/wp-json\/wp\/v2\/pages\/13613\/revisions\/13637"}],"wp:attachment":[{"href":"https:\/\/www.digitalrealestate.ch\/fr\/wp-json\/wp\/v2\/media?parent=13613"}],"curies":[{"name":"wp","href":"https:\/\/api.w.org\/{rel}","templated":true}]}}