{"id":227,"date":"2015-08-29T15:42:25","date_gmt":"2015-08-29T14:42:25","guid":{"rendered":"http:\/\/www.digitalrealestate.ch\/fr\/event\/"},"modified":"2017-10-26T16:09:47","modified_gmt":"2017-10-26T15:09:47","slug":"summit","status":"publish","type":"page","link":"https:\/\/www.digitalrealestate.ch\/fr\/summit\/","title":{"rendered":"Summit"},"content":{"rendered":"<div class=\"wpb-content-wrapper\">[vc_row][vc_column][vc_single_image image=\"44\" img_size=\"full\"][\/vc_column][\/vc_row][vc_row][vc_column width=\"5\/6\"]<div class=\"separator_block right\" style=\"margin-bottom:30px;\"><h2>Summit<\/h2><div class=\"separator short\"><div class=\"separator_line\"><\/div><\/div><div class=\"clearfix\"><\/div><\/div>[vc_column_text css=\".vc_custom_1509030069049{padding-right: 50px !important;}\"]Les concepteurs du monde num\u00e9rique se r\u00e9unissent avec les experts du secteur de l'immobilier. Et dessinent ensemble l'image du monde num\u00e9rique de l'immobilier de demain. Le Sommet sur l\u2019immobilier num\u00e9rique constitue une plateforme pour tous ceux qui consid\u00e8rent le monde virtuel comme une opportunit\u00e9 et souhaitent acc\u00e9der via le num\u00e9rique \u00e0 nouvelles opportunit\u00e9s d'affaires et d\u00e9velopper celles qui existent d\u00e9j\u00e0. Car beaucoup de choses sont possibles pour qui dispose des bonnes informations.[\/vc_column_text][\/vc_column][vc_column width=\"1\/6\"][vc_icon icon_fontawesome=\"fa fa-comments\" color=\"white\" background_style=\"rounded\" background_color=\"custom\" size=\"lg\" align=\"right\" custom_background_color=\"#c3006b\"][\/vc_column][\/vc_row][vc_row disable_element=\"yes\" el_class=\"hide\"][vc_column][vc_column_text]<strong><a href=\"https:\/\/www.digitalrealestate.ch\/fr\/summit-2018\/\">Summit 2018<\/a><a href=\"https:\/\/www.digitalrealestate.ch\/fr\/digital-real-estate-summit-romandie-2017\/\" target=\"_blank\" rel=\"noopener\"><br \/>\nSummit 2017<\/a><\/strong><br \/>\n<strong><a href=\"https:\/\/www.digitalrealestate.ch\/fr\/actualites\/evenement\/sommet-sur-limmobilier-numerique\/\" target=\"_blank\" rel=\"noopener\">Summit 2016<br \/>\n<\/a><\/strong><strong><a href=\"https:\/\/www.digitalrealestate.ch\/fr\/actualites\/evenement\/les-technologies-numeriques-sont-en-train-de-transformer-le-secteur-de-limmobilier\/\" target=\"_blank\" rel=\"noopener\">Summit 2015<\/a><\/strong>[\/vc_column_text][\/vc_column][\/vc_row][vc_row][vc_column]<div class=\"separator_block right\" style=\"margin-bottom:30px;\"><h3>actualit\u00e9s<\/h3><div class=\"separator short\"><div class=\"separator_line\"><\/div><\/div><div class=\"clearfix\"><\/div><\/div>[vc_row_inner css=\".vc_custom_1508848052123{margin-right: 0px !important;margin-left: 0px !important;border-top-width: 1px !important;border-right-width: 1px !important;border-bottom-width: 1px !important;border-left-width: 1px !important;}\"][vc_column_inner width=\"1\/2\" css=\".vc_custom_1508848173912{padding-top: 120px !important;padding-bottom: 150px !important;background-image: url(https:\/\/www.digitalrealestate.ch\/wp-content\/uploads\/2017\/10\/Summit-2018_Bild-Varianten_5.jpg?id=2657) !important;background-position: center !important;background-repeat: no-repeat !important;background-size: cover !important;}\"][\/vc_column_inner][vc_column_inner width=\"1\/2\" css=\".vc_custom_1508848480623{padding-right: 25px !important;padding-bottom: 25px !important;padding-left: 25px !important;}\"][vc_column_text]\n<div class=\"vc_custom_heading vc_gitem-post-data vc_gitem-post-data-source-post_title\">\n<h4><a class=\"vc_gitem-link\" title=\"4. Digital Real Estate Summit 2018\" href=\"https:\/\/www.digitalrealestate.ch\/fr\/summit-2018\/\">2. DIGITAL REAL ESTATE SUMMIT ROMANDIE 2018<\/a><\/h4>\n<\/div>\n<p>Mercredi, 7. F\u00e9vrier 2018, 8.30 \u2013 16.00 h,<br \/>\nMus\u00e9e Olympique, Lausanne[\/vc_column_text]<a href=\"https:\/\/www.digitalrealestate.ch\/fr\/summit-2018\/\" target=\"_blank\" class=\"button  pink medium simple alignleft\" ><i class=\"fa fa-arrow-right fa-left\"><\/i> plus d'informations <\/a><div class=\"clearfix\"><\/div>[\/vc_column_inner][\/vc_row_inner][\/vc_column][\/vc_row][vc_row css=\".vc_custom_1508848295517{margin-top: 50px !important;}\"][vc_column]<div class=\"separator_block right\" style=\"margin-bottom:30px;\"><h3>\u00c9v\u00e9nements pr\u00e9c\u00e9dents<\/h3><div class=\"separator short\"><div class=\"separator_line\"><\/div><\/div><div class=\"clearfix\"><\/div><\/div>[vc_basic_grid post_type=\"post\" max_items=\"6\" element_width=\"3\" gap=\"20\" item=\"68\" grid_id=\"vc_gid:1509030524423-cd56637e-07ac-5\" taxonomies=\"43\"][\/vc_column][\/vc_row]\n<\/div>","protected":false},"excerpt":{"rendered":"<p>[vc_row][vc_column][vc_single_image image=\u00a0\u00bb44&Prime; img_size=\u00a0\u00bbfull\u00a0\u00bb][\/vc_column][\/vc_row][vc_row][vc_column width=\u00a0\u00bb5\/6&Prime;][vc_column_text css=\u00a0\u00bb.vc_custom_1509030069049{padding-right: 50px !important;}\u00a0\u00bb]Les concepteurs du monde num\u00e9rique se r\u00e9unissent avec les experts du secteur de l&rsquo;immobilier. Et dessinent ensemble l&rsquo;image du monde num\u00e9rique de l&rsquo;immobilier de demain. Le Sommet sur l\u2019immobilier num\u00e9rique constitue une plateforme pour<\/p>\n","protected":false},"author":1,"featured_media":0,"parent":0,"menu_order":3,"comment_status":"closed","ping_status":"closed","template":"page-nosidebar.php","meta":{"_acf_changed":false,"_monsterinsights_skip_tracking":false,"_monsterinsights_sitenote_active":false,"_monsterinsights_sitenote_note":"","_monsterinsights_sitenote_category":0,"footnotes":"","_links_to":"","_links_to_target":""},"class_list":["post-227","page","type-page","status-publish","hentry"],"acf":[],"_links":{"self":[{"href":"https:\/\/www.digitalrealestate.ch\/fr\/wp-json\/wp\/v2\/pages\/227"}],"collection":[{"href":"https:\/\/www.digitalrealestate.ch\/fr\/wp-json\/wp\/v2\/pages"}],"about":[{"href":"https:\/\/www.digitalrealestate.ch\/fr\/wp-json\/wp\/v2\/types\/page"}],"author":[{"embeddable":true,"href":"https:\/\/www.digitalrealestate.ch\/fr\/wp-json\/wp\/v2\/users\/1"}],"replies":[{"embeddable":true,"href":"https:\/\/www.digitalrealestate.ch\/fr\/wp-json\/wp\/v2\/comments?post=227"}],"version-history":[{"count":30,"href":"https:\/\/www.digitalrealestate.ch\/fr\/wp-json\/wp\/v2\/pages\/227\/revisions"}],"predecessor-version":[{"id":2740,"href":"https:\/\/www.digitalrealestate.ch\/fr\/wp-json\/wp\/v2\/pages\/227\/revisions\/2740"}],"wp:attachment":[{"href":"https:\/\/www.digitalrealestate.ch\/fr\/wp-json\/wp\/v2\/media?parent=227"}],"curies":[{"name":"wp","href":"https:\/\/api.w.org\/{rel}","templated":true}]}}