{"id":3275,"date":"2017-11-05T16:08:05","date_gmt":"2017-11-05T15:08:05","guid":{"rendered":"http:\/\/www.digitalrealestate.ch\/home-2\/"},"modified":"2020-11-05T17:28:52","modified_gmt":"2020-11-05T16:28:52","slug":"accueil","status":"publish","type":"page","link":"https:\/\/www.digitalrealestate.ch\/fr\/","title":{"rendered":"Accueil"},"content":{"rendered":"<div class=\"wpb-content-wrapper\">[vc_row parallax=\"content-moving\" full_width=\"stretch\" css=\".vc_custom_1509731670484{margin-top: 30px !important;}\"][vc_column][rev_slider_vc alias=\"home-new-fr\"][\/vc_column][\/vc_row][vc_row css=\".vc_custom_1509731652138{margin-bottom: 30px !important;}\"][vc_column][vc_column_text css_animation=\"bounceInUp\" css=\".vc_custom_1511797000214{margin-bottom: 15px !important;}\"]\n<h1 style=\"text-align: center;\">L\u2019immobilier se lance dans le num\u00e9rique<\/h1>\n[\/vc_column_text][vc_row_inner][vc_column_inner][vc_column_text el_class=\"intro\"]\n<p style=\"text-align: left;\">La place du num\u00e9rique dans nos vies ne cesse d\u2019augmenter. Partout et toujours plus vite. Qu\u2019il s\u2019agisse de l\u2019\u00e9conomie, de la politique ou des loisirs \u2013 il est imp\u00e9ratif de sauter dans le train du num\u00e9rique pour rester comp\u00e9titif. Et l\u2019\u00e9conomie immobili\u00e8re ne fait pas figure d\u2019exception. En tant que secteur transversal le long du cycle de vie des biens immobiliers, elle doit savoir exploiter le potentiel du num\u00e9rique et d\u00e9velopper des strat\u00e9gies adapt\u00e9es \u00e0 long terme. L\u2019immobilier num\u00e9rique est la cl\u00e9 de ce march\u00e9. pom + dispose des outils et instruments n\u00e9cessaires pour s\u2019engager de plein pied dans cette transition.<\/p>\n[\/vc_column_text][\/vc_column_inner][\/vc_row_inner][\/vc_column][\/vc_row][vc_row gap=\"30\" equal_height=\"yes\" content_placement=\"top\" css=\".vc_custom_1512045770194{margin-right: 0px !important;margin-bottom: 50px !important;margin-left: 0px !important;}\"][vc_column width=\"1\/4\"][vc_row_inner el_class=\"simplebox\"][vc_column_inner css=\".vc_custom_1509791579118{padding: 0px !important;}\"][vc_single_image image=\"4551\" img_size=\"full\" alignment=\"center\" onclick=\"custom_link\" css_animation=\"none\" css=\".vc_custom_1604593658340{margin-bottom: 0px !important;}\" link=\"https:\/\/www.digitalrealestate.ch\/fr\/evenements\/\"][vc_column_text css_animation=\"none\" css=\".vc_custom_1604593701178{margin-top: 0px !important;padding-top: 10px !important;padding-right: 10px !important;padding-bottom: 10px !important;padding-left: 10px !important;}\"]\n<h3><a href=\"https:\/\/www.digitalrealestate.ch\/fr\/evenements\/\">\u00c9v\u00e9nements<\/a><\/h3>\n<p>Rencontre entre les concepteurs de l\u2019univers num\u00e9rique et les experts du secteur immobilier. Ensemble, ils esquissent une image du paysage immobilier de demain. Le Digital Real Estate Summit est la plateforme id\u00e9ale pour tous ceux qui consid\u00e8rent le monde virtuel comme une opportunit\u00e9. En effet, il offre de multiples possibilit\u00e9s si l\u2019on dispose des bonnes informations.[\/vc_column_text][vc_btn title=\"&gt;\" style=\"custom\" custom_background=\"#c3006b\" custom_text=\"#ffffff\" shape=\"round\" size=\"sm\" align=\"center\" el_class=\"simple simple2\" link=\"url:https%3A%2F%2Fwww.digitalrealestate.ch%2Ffr%2Fevenements%2F|||\"][\/vc_column_inner][\/vc_row_inner][\/vc_column][vc_column width=\"1\/4\"][vc_row_inner el_class=\"simplebox\"][vc_column_inner css=\".vc_custom_1509791579118{padding: 0px !important;}\"][vc_single_image image=\"2754\" img_size=\"full\" alignment=\"center\" onclick=\"custom_link\" css_animation=\"none\" css=\".vc_custom_1604593669162{margin-bottom: 0px !important;}\" link=\"https:\/\/www.digitalrealestate.ch\/fr\/proptechs\/\"][vc_column_text css_animation=\"none\" css=\".vc_custom_1604593710842{margin-top: 0px !important;padding-top: 10px !important;padding-right: 10px !important;padding-bottom: 10px !important;padding-left: 10px !important;}\"]\n<h3><a href=\"https:\/\/www.digitalrealestate.ch\/fr\/proptechs\/\">PropTechs<\/a><\/h3>\n<p>La Property Technology, ou PropTech, en bref, est synonyme de technologies et de solutions logicielles innovantes au service de l\u2019immobilier. Dans notre rubrique PropTech, nous vous pr\u00e9sentons d\u2019int\u00e9ressantes entreprises de num\u00e9risation d\u2019ici et d\u2019ailleurs. L\u2019accent porte certes sur les start-up, mais des soci\u00e9t\u00e9s bien ancr\u00e9es disposant d\u2019un important pouvoir d\u2019innovation sont \u00e9galement expos\u00e9es.[\/vc_column_text][vc_btn title=\"&gt;\" style=\"custom\" custom_background=\"#c3006b\" custom_text=\"#ffffff\" shape=\"round\" size=\"sm\" align=\"center\" el_class=\"simple simple2\" link=\"url:https%3A%2F%2Fwww.digitalrealestate.ch%2Ffr%2Fproptechs%2F|||\"][\/vc_column_inner][\/vc_row_inner][\/vc_column][vc_column width=\"1\/4\"][vc_row_inner el_class=\"simplebox\"][vc_column_inner css=\".vc_custom_1509791579118{padding: 0px !important;}\"][vc_single_image image=\"2755\" img_size=\"full\" alignment=\"center\" onclick=\"custom_link\" css_animation=\"none\" css=\".vc_custom_1604593679579{margin-bottom: 0px !important;}\" link=\"https:\/\/www.digitalrealestate.ch\/fr\/communaute\/\"][vc_column_text css=\".vc_custom_1512046181124{margin-top: 0px !important;padding-top: 10px !important;padding-right: 10px !important;padding-bottom: 10px !important;padding-left: 10px !important;}\"]\n<h3><a href=\"https:\/\/www.digitalrealestate.ch\/fr\/communaute\/\">Communaut\u00e9<\/a><\/h3>\n<p>La num\u00e9risation, ce sont aussi des individus qui ont une longueur d\u2019avance sur l\u2019avenir. Nous avons d\u00e9cid\u00e9 de les r\u00e9unir pour relever avec vous les d\u00e9fis qu\u2019apportent les nouvelles technologies dans l\u2019univers immobilier. Ensemble, nous tra\u00e7ons les voies qui m\u00e8nent \u00e0 un Digital Real Estate fructueux.[\/vc_column_text][vc_btn title=\"&gt;\" style=\"custom\" custom_background=\"#c3006b\" custom_text=\"#ffffff\" shape=\"round\" size=\"sm\" align=\"center\" el_class=\"simple simple2\" link=\"url:https%3A%2F%2Fwww.digitalrealestate.ch%2Ffr%2Fcommunaute%2F|||\"][\/vc_column_inner][\/vc_row_inner][\/vc_column][vc_column width=\"1\/4\"][vc_row_inner el_class=\"simplebox\"][vc_column_inner css=\".vc_custom_1509791579118{padding: 0px !important;}\"][vc_single_image image=\"2756\" img_size=\"full\" alignment=\"center\" onclick=\"custom_link\" css_animation=\"none\" css=\".vc_custom_1604593689899{margin-bottom: 0px !important;}\" link=\"https:\/\/www.digitalrealestate.ch\/fr\/produits\/\"][vc_column_text css_animation=\"none\" css=\".vc_custom_1604593728324{margin-top: 0px !important;padding-top: 10px !important;padding-right: 10px !important;padding-bottom: 10px !important;padding-left: 10px !important;}\"]\n<h3><a href=\"https:\/\/www.digitalrealestate.ch\/fr\/produits\/\">Produits<\/a><\/h3>\n<p>Nos produits de num\u00e9risation d\u00e9di\u00e9s \u00e0 l\u2019immobilier indiquent o\u00f9 se situe le march\u00e9 aujourd\u2019hui et quels d\u00e9fis attendent les acteurs du secteur. Ils pr\u00e9sentent les tendances actuelles et analysent les \u00e9volutions du march\u00e9. De plus, ils mettent des espaces \u00e0 disposition permettant de r\u00e9fl\u00e9chir aux d\u00e9fis num\u00e9riques de demain. Cette section s\u2019adresse aux propri\u00e9taires, investisseurs, utilisateurs et exploitants.[\/vc_column_text][vc_btn title=\"&gt;\" style=\"custom\" custom_background=\"#c3006b\" custom_text=\"#ffffff\" shape=\"round\" size=\"sm\" align=\"center\" el_class=\"simple simple2\" link=\"url:https%3A%2F%2Fwww.digitalrealestate.ch%2Ffr%2Fproduits%2F|||\" css=\".vc_custom_1512046227332{margin-top: 0px !important;padding-top: 0px !important;}\"][\/vc_column_inner][\/vc_row_inner][\/vc_column][\/vc_row][vc_row css=\".vc_custom_1509731390424{margin-top: 30px !important;}\"][vc_column][vc_column_text css_animation=\"none\"]\n<h2 style=\"text-align: center;\">News<\/h2>\n[\/vc_column_text][\/vc_column][\/vc_row][vc_row][vc_column][vc_basic_grid post_type=\"post\" max_items=\"6\" gap=\"20\" item=\"2807\" grid_id=\"vc_gid:1604593641842-2bf659e1-fd9c-10\" taxonomies=\"14\"][vc_btn title=\"NEWS &gt;\" style=\"custom\" custom_background=\"#c3006b\" custom_text=\"#ffffff\" shape=\"round\" size=\"sm\" align=\"center\" link=\"url:..%2Fnews|||\" css=\".vc_custom_1509798452814{margin-top: 0px !important;padding-top: 0px !important;}\"][\/vc_column][\/vc_row]\n<\/div>","protected":false},"excerpt":{"rendered":"<p>[vc_row parallax=\u00a0\u00bbcontent-moving\u00a0\u00bb full_width=\u00a0\u00bbstretch\u00a0\u00bb css=\u00a0\u00bb.vc_custom_1509731670484{margin-top: 30px !important;}\u00a0\u00bb][vc_column][rev_slider_vc alias=\u00a0\u00bbhome-new-fr\u00a0\u00bb][\/vc_column][\/vc_row][vc_row css=\u00a0\u00bb.vc_custom_1509731652138{margin-bottom: 30px !important;}\u00a0\u00bb][vc_column][vc_column_text css_animation=\u00a0\u00bbbounceInUp\u00a0\u00bb css=\u00a0\u00bb.vc_custom_1511797000214{margin-bottom: 15px !important;}\u00a0\u00bb]<br \/>\nL\u2019immobilier se lance dans le num\u00e9rique<br \/>\n[\/vc_column_text][vc_row_inner][vc_column_inner][vc_column_text el_class=\u00a0\u00bbintro\u00a0\u00bb]<\/p>\n<p style=\"text-align: left;\">La place du num\u00e9rique dans nos vies ne cesse d\u2019augmenter. Partout et toujours plus vite. Qu\u2019il s\u2019agisse de l\u2019\u00e9conomie,<\/p>\n","protected":false},"author":2,"featured_media":0,"parent":0,"menu_order":0,"comment_status":"closed","ping_status":"closed","template":"page-fullwidth.php","meta":{"_acf_changed":false,"_monsterinsights_skip_tracking":false,"_monsterinsights_sitenote_active":false,"_monsterinsights_sitenote_note":"","_monsterinsights_sitenote_category":0,"footnotes":"","_links_to":"","_links_to_target":""},"class_list":["post-3275","page","type-page","status-publish","hentry"],"acf":[],"_links":{"self":[{"href":"https:\/\/www.digitalrealestate.ch\/fr\/wp-json\/wp\/v2\/pages\/3275"}],"collection":[{"href":"https:\/\/www.digitalrealestate.ch\/fr\/wp-json\/wp\/v2\/pages"}],"about":[{"href":"https:\/\/www.digitalrealestate.ch\/fr\/wp-json\/wp\/v2\/types\/page"}],"author":[{"embeddable":true,"href":"https:\/\/www.digitalrealestate.ch\/fr\/wp-json\/wp\/v2\/users\/2"}],"replies":[{"embeddable":true,"href":"https:\/\/www.digitalrealestate.ch\/fr\/wp-json\/wp\/v2\/comments?post=3275"}],"version-history":[{"count":12,"href":"https:\/\/www.digitalrealestate.ch\/fr\/wp-json\/wp\/v2\/pages\/3275\/revisions"}],"predecessor-version":[{"id":7259,"href":"https:\/\/www.digitalrealestate.ch\/fr\/wp-json\/wp\/v2\/pages\/3275\/revisions\/7259"}],"wp:attachment":[{"href":"https:\/\/www.digitalrealestate.ch\/fr\/wp-json\/wp\/v2\/media?parent=3275"}],"curies":[{"name":"wp","href":"https:\/\/api.w.org\/{rel}","templated":true}]}}