{"id":3344,"date":"2017-11-05T14:39:31","date_gmt":"2017-11-05T13:39:31","guid":{"rendered":"http:\/\/www.digitalrealestate.ch\/community\/"},"modified":"2017-11-30T13:52:15","modified_gmt":"2017-11-30T12:52:15","slug":"communaute","status":"publish","type":"page","link":"https:\/\/www.digitalrealestate.ch\/fr\/communaute\/","title":{"rendered":"Communaut\u00e9"},"content":{"rendered":"<div class=\"wpb-content-wrapper\">[vc_row css=\".vc_custom_1509731652138{margin-bottom: 30px !important;}\"][vc_column][vc_column_text css_animation=\"bounceInUp\" css=\".vc_custom_1512046332668{margin-bottom: 15px !important;}\"]\n<h1 style=\"text-align: center;\">Communaut\u00e9<\/h1>\n[\/vc_column_text][vc_row_inner][vc_column_inner][vc_column_text el_class=\"intro\"]La num\u00e9risation, ce sont aussi des individus qui ont une longueur d\u2019avance sur l\u2019avenir. Nous avons d\u00e9cid\u00e9 de les r\u00e9unir pour relever avec vous les d\u00e9fis qu\u2019apportent les nouvelles technologies dans l\u2019univers immobilier. Ensemble, nous tra\u00e7ons les voies qui m\u00e8nent \u00e0 un Digital Real Estate fructueux.[\/vc_column_text][\/vc_column_inner][\/vc_row_inner][\/vc_column][\/vc_row][vc_row gap=\"30\" equal_height=\"yes\" content_placement=\"top\" disable_element=\"yes\" css=\".vc_custom_1512041525880{margin-right: 0px !important;margin-bottom: 50px !important;margin-left: 0px !important;}\" el_class=\"hide\"][vc_column width=\"1\/3\"][vc_row_inner el_class=\"simplebox\"][vc_column_inner css=\".vc_custom_1509791579118{padding: 0px !important;}\"][vc_single_image image=\"2755\" img_size=\"600x338\" alignment=\"center\" onclick=\"custom_link\" css_animation=\"appear\" css=\".vc_custom_1511793976609{margin-bottom: 0px !important;}\" link=\"https:\/\/www.digitalrealestate.ch\/community\/thinktank\/\"][vc_column_text css_animation=\"bottom-to-top\" css=\".vc_custom_1511793993690{margin-top: 0px !important;padding-top: 10px !important;padding-right: 10px !important;padding-bottom: 10px !important;padding-left: 10px !important;}\"]\n<h3><a href=\"https:\/\/www.digitalrealestate.ch\/community\/thinktank\/\">Think Tank<\/a><\/h3>\n<p>Der Digital Real Estate Think Tank ist eine Gruppierung von f\u00fchrenden Experten aus der Immobilienwirtschaft und dem \u201eDigital Business\u201c, welche das Ziel haben, auf strategischer Ebene ihre Erfahrungen und ihr Wissen auszutauschen.[\/vc_column_text][vc_btn title=\"&gt;\" style=\"custom\" custom_background=\"#c3006b\" custom_text=\"#ffffff\" shape=\"round\" size=\"sm\" align=\"center\" el_class=\"simple simple2\" link=\"url:https%3A%2F%2Fwww.digitalrealestate.ch%2Fcommunity%2Fthinktank%2F|||\"][\/vc_column_inner][\/vc_row_inner][\/vc_column][vc_column width=\"1\/3\"][vc_row_inner el_class=\"simplebox\"][vc_column_inner css=\".vc_custom_1509791579118{padding: 0px !important;}\"][vc_single_image image=\"2755\" img_size=\"600x338\" alignment=\"center\" onclick=\"custom_link\" css_animation=\"appear\" css=\".vc_custom_1511864565401{margin-bottom: 0px !important;}\" link=\"https:\/\/www.digitalrealestate.ch\/fr\/community\/open-innovation-network\/\"][vc_column_text css=\".vc_custom_1511864548637{margin-top: 0px !important;padding-top: 10px !important;padding-right: 10px !important;padding-bottom: 10px !important;padding-left: 10px !important;}\"]\n<h3><a href=\"https:\/\/www.digitalrealestate.ch\/fr\/?page_id=3340\">Open Innovation Network<\/a><\/h3>\n<p>L'Open Innovation Network met en r\u00e9seau divers repr\u00e9sentants du secteur de l'immobilier. Ce r\u00e9seau stimule l'\u00e9change actif et l'innovation commune. Les id\u00e9es peuvent \u00eatre d\u00e9velopp\u00e9es et r\u00e9alis\u00e9es en commun.[\/vc_column_text][vc_btn title=\"&gt;\" style=\"custom\" custom_background=\"#c3006b\" custom_text=\"#ffffff\" shape=\"round\" size=\"sm\" align=\"center\" el_class=\"simple simple2\" link=\"url:https%3A%2F%2Fwww.digitalrealestate.ch%2Ffr%2Fcommunity%2Fopen-innovation-network%2F|||\"][\/vc_column_inner][\/vc_row_inner][\/vc_column][vc_column width=\"1\/3\"][vc_row_inner el_class=\"simplebox\"][vc_column_inner css=\".vc_custom_1509791579118{padding: 0px !important;}\"][vc_single_image image=\"2755\" img_size=\"600x338\" alignment=\"center\" onclick=\"custom_link\" css_animation=\"appear\" css=\".vc_custom_1511794299232{margin-bottom: 0px !important;}\" link=\"https:\/\/www.digitalrealestate.ch\/community\/digitaltop10\/\"][vc_column_text css_animation=\"bottom-to-top\" css=\".vc_custom_1511805042036{margin-top: 0px !important;padding-top: 10px !important;padding-right: 10px !important;padding-bottom: 10px !important;padding-left: 10px !important;}\"]\n<h3><a href=\"https:\/\/www.digitalrealestate.ch\/digital-top-10\/digitaltop10schweiz\/\">Digital Top 10<\/a><\/h3>\n<p>In der Bau- und Immobilienwirtschaft setzt man sich intensiv mit dem digitalen Wandel auseinander. Die exklusive Auswertung \u00abDigital Top 10\u00bb zeigt Top Digital Real Estate Referenzprojekte. Die Ergebnisse werden regelm\u00e4ssig publiziert.[\/vc_column_text][vc_btn title=\"&gt;\" style=\"custom\" custom_background=\"#c3006b\" custom_text=\"#ffffff\" shape=\"round\" size=\"sm\" align=\"center\" el_class=\"simple simple2\" link=\"url:https%3A%2F%2Fwww.digitalrealestate.ch%2Fcommunity%2Fdigitaltop10%2F|||\"][\/vc_column_inner][\/vc_row_inner][\/vc_column][\/vc_row]\n<\/div>","protected":false},"excerpt":{"rendered":"<p>[vc_row css=\u00a0\u00bb.vc_custom_1509731652138{margin-bottom: 30px !important;}\u00a0\u00bb][vc_column][vc_column_text css_animation=\u00a0\u00bbbounceInUp\u00a0\u00bb css=\u00a0\u00bb.vc_custom_1512046332668{margin-bottom: 15px !important;}\u00a0\u00bb]<br \/>\nCommunaut\u00e9<br \/>\n[\/vc_column_text][vc_row_inner][vc_column_inner][vc_column_text el_class=\u00a0\u00bbintro\u00a0\u00bb]La num\u00e9risation, ce sont aussi des individus qui ont une longueur d\u2019avance sur l\u2019avenir. Nous avons d\u00e9cid\u00e9 de les r\u00e9unir pour relever avec vous les d\u00e9fis qu\u2019apportent les nouvelles technologies dans l\u2019univers<\/p>\n","protected":false},"author":2,"featured_media":0,"parent":0,"menu_order":0,"comment_status":"closed","ping_status":"closed","template":"page-fullwidth.php","meta":{"_acf_changed":false,"_monsterinsights_skip_tracking":false,"_monsterinsights_sitenote_active":false,"_monsterinsights_sitenote_note":"","_monsterinsights_sitenote_category":0,"footnotes":"","_links_to":"","_links_to_target":""},"class_list":["post-3344","page","type-page","status-publish","hentry"],"acf":[],"_links":{"self":[{"href":"https:\/\/www.digitalrealestate.ch\/fr\/wp-json\/wp\/v2\/pages\/3344"}],"collection":[{"href":"https:\/\/www.digitalrealestate.ch\/fr\/wp-json\/wp\/v2\/pages"}],"about":[{"href":"https:\/\/www.digitalrealestate.ch\/fr\/wp-json\/wp\/v2\/types\/page"}],"author":[{"embeddable":true,"href":"https:\/\/www.digitalrealestate.ch\/fr\/wp-json\/wp\/v2\/users\/2"}],"replies":[{"embeddable":true,"href":"https:\/\/www.digitalrealestate.ch\/fr\/wp-json\/wp\/v2\/comments?post=3344"}],"version-history":[{"count":5,"href":"https:\/\/www.digitalrealestate.ch\/fr\/wp-json\/wp\/v2\/pages\/3344\/revisions"}],"predecessor-version":[{"id":3445,"href":"https:\/\/www.digitalrealestate.ch\/fr\/wp-json\/wp\/v2\/pages\/3344\/revisions\/3445"}],"wp:attachment":[{"href":"https:\/\/www.digitalrealestate.ch\/fr\/wp-json\/wp\/v2\/media?parent=3344"}],"curies":[{"name":"wp","href":"https:\/\/api.w.org\/{rel}","templated":true}]}}