{"id":3347,"date":"2017-11-05T14:30:33","date_gmt":"2017-11-05T13:30:33","guid":{"rendered":"http:\/\/www.digitalrealestate.ch\/products\/"},"modified":"2026-03-04T13:09:16","modified_gmt":"2026-03-04T12:09:16","slug":"produits","status":"publish","type":"page","link":"https:\/\/www.digitalrealestate.ch\/fr\/produits\/","title":{"rendered":"Produits"},"content":{"rendered":"<div class=\"wpb-content-wrapper\">[vc_row css=\".vc_custom_1509731652138{margin-bottom: 30px !important;}\"][vc_column][vc_column_text css_animation=\"bounceInUp\" css=\".vc_custom_1512046409388{margin-bottom: 15px !important;}\"]\n<h1 style=\"text-align: center;\">Produits<\/h1>\n[\/vc_column_text][vc_row_inner][vc_column_inner][vc_column_text el_class=\"intro\"]Nos produits de num\u00e9risation d\u00e9di\u00e9s \u00e0 l\u2019immobilier indiquent o\u00f9 se situe le march\u00e9 aujourd\u2019hui et quels d\u00e9fis attendent les acteurs du secteur. Ils pr\u00e9sentent les tendances actuelles et analysent les \u00e9volutions du march\u00e9. De plus, ils mettent des espaces \u00e0 disposition permettant de r\u00e9fl\u00e9chir aux d\u00e9fis num\u00e9riques de demain. Cette section s\u2019adresse aux propri\u00e9taires, investisseurs, utilisateurs et exploitants.[\/vc_column_text][\/vc_column_inner][\/vc_row_inner][\/vc_column][\/vc_row][vc_row gap=\"30\" equal_height=\"yes\" content_placement=\"top\" disable_element=\"yes\" css=\".vc_custom_1665484587551{margin-right: 0px !important;margin-bottom: 50px !important;margin-left: 0px !important;}\" el_class=\"hide\"][vc_column width=\"1\/4\"][\/vc_column][vc_column width=\"1\/2\"][vc_row_inner el_class=\"simplebox\"][vc_column_inner css=\".vc_custom_1509791579118{padding: 0px !important;}\"][vc_single_image image=\"8334\" img_size=\"full\" alignment=\"center\" onclick=\"custom_link\" css_animation=\"none\" css=\".vc_custom_1644583281409{margin-bottom: 0px !important;}\" link=\"https:\/\/www.digitalrealestate.ch\/fr\/produits-bim\/enquete-bim-2022\/\"][vc_column_text css_animation=\"none\" css=\".vc_custom_1644583349788{margin-top: 0px !important;padding-top: 10px !important;padding-right: 10px !important;padding-bottom: 10px !important;padding-left: 10px !important;}\"]\n<h3><a href=\"https:\/\/www.digitalrealestate.ch\/fr\/produits-bim\/enquete-bim-2022\/\">\u00c9tude de march\u00e9 sur la mod\u00e9lisation des informations du b\u00e2timent (BIM)<\/a><\/h3>\n<p>L'enqu\u00eate BIM a \u00e9t\u00e9 r\u00e9alis\u00e9e pour la premi\u00e8re fois en 2022. Diff\u00e9rentes associations de la branche, et des partenaires de recherche \u00e9tudient le march\u00e9 BIM en Suisse, tous r\u00f4les et toutes phases confondus, pour tous les acteurs de la construction et de l'immobilier et pour l'ensemble du cycle de vie des b\u00e2timents. Il s'agit notamment d'identifier les moteurs de d\u00e9veloppement, de s'interroger sur l'utilisation ult\u00e9rieure des donn\u00e9es des mod\u00e8les BIM et d'identifier les facteurs de r\u00e9ussite.[\/vc_column_text][vc_btn title=\"&gt;\" style=\"custom\" custom_background=\"#c3006b\" custom_text=\"#ffffff\" shape=\"round\" size=\"sm\" align=\"center\" el_class=\"simple simple2\" link=\"url:https%3A%2F%2Fwww.digitalrealestate.ch%2Ffr%2Fproduits-bim%2Fenquete-bim-2022%2F\"][\/vc_column_inner][\/vc_row_inner][\/vc_column][vc_column width=\"1\/4\"][\/vc_column][\/vc_row][vc_row gap=\"30\" equal_height=\"yes\" content_placement=\"top\" css=\".vc_custom_1644824054652{margin-right: 0px !important;margin-bottom: 50px !important;margin-left: 0px !important;}\"][vc_column width=\"1\/2\"][vc_row_inner el_class=\"simplebox\"][vc_column_inner css=\".vc_custom_1509791579118{padding: 0px !important;}\"][vc_single_image image=\"6263\" img_size=\"full\" alignment=\"center\" onclick=\"custom_link\" css_animation=\"none\" css=\".vc_custom_1710837321211{margin-bottom: 0px !important;}\" link=\"https:\/\/www.digitalrealestate.ch\/fr\/produits-dre-index\/digitalisierungsindex-2024\/\"][vc_column_text css_animation=\"none\" css=\".vc_custom_1710837345625{margin-top: 0px !important;padding-top: 10px !important;padding-right: 10px !important;padding-bottom: 10px !important;padding-left: 10px !important;}\"]\n<h3><a href=\"https:\/\/www.digitalrealestate.ch\/fr\/produits-dre-index\/digitalisierungsindex-2024\/\">Digital Real Estate Index<\/a><\/h3>\n<p>Depuis 2015, l'enqu\u00eate Digital Real Estate rel\u00e8ve chaque ann\u00e9e l'indice de num\u00e9risation pour le secteur suisse de la construction et de l'immobilier et, depuis 2020, pour l'Allemagne \u00e9galement. Le whitepaper pr\u00e9sente la situation actuelle dans les deux pays en se basant sur les estimations de diff\u00e9rents acteurs du march\u00e9 tels que les propri\u00e9taires, les investisseurs, les utilisateurs et les exploitants. Il est compl\u00e9t\u00e9 par l'expertise des conseillers de pom+Consulting AG.[\/vc_column_text][vc_btn title=\">\" style=\"custom\" custom_background=\"#c3006b\" custom_text=\"#ffffff\" shape=\"round\" size=\"sm\" align=\"center\" css=\"\" el_class=\"simple simple2\" link=\"url:https%3A%2F%2Fwww.digitalrealestate.ch%2Ffr%2Fproduits-dre-index%2Fdigitalisierungsindex-2026%2F|title:Digital%20Real%20Estate%20Index%202023\"][\/vc_column_inner][\/vc_row_inner][\/vc_column][vc_column width=\"1\/2\"][vc_row_inner el_class=\"simplebox\"][vc_column_inner css=\".vc_custom_1509791579118{padding: 0px !important;}\"][vc_single_image image=\"8334\" img_size=\"full\" alignment=\"center\" onclick=\"custom_link\" css_animation=\"none\" css=\".vc_custom_1644583281409{margin-bottom: 0px !important;}\" link=\"https:\/\/www.digitalrealestate.ch\/fr\/produits-bim\/enquete-bim-2022\/\"][vc_column_text css_animation=\"none\" css=\".vc_custom_1644583349788{margin-top: 0px !important;padding-top: 10px !important;padding-right: 10px !important;padding-bottom: 10px !important;padding-left: 10px !important;}\"]\n<h3><a href=\"https:\/\/www.digitalrealestate.ch\/fr\/produits-bim\/enquete-bim-2022\/\">\u00c9tude de march\u00e9 sur la mod\u00e9lisation des informations du b\u00e2timent (BIM)<\/a><\/h3>\n<p>L'enqu\u00eate BIM a \u00e9t\u00e9 r\u00e9alis\u00e9e pour la premi\u00e8re fois en 2022. Diff\u00e9rentes associations de la branche, et des partenaires de recherche \u00e9tudient le march\u00e9 BIM en Suisse, tous r\u00f4les et toutes phases confondus, pour tous les acteurs de la construction et de l'immobilier et pour l'ensemble du cycle de vie des b\u00e2timents. Il s'agit notamment d'identifier les moteurs de d\u00e9veloppement, de s'interroger sur l'utilisation ult\u00e9rieure des donn\u00e9es des mod\u00e8les BIM et d'identifier les facteurs de r\u00e9ussite.[\/vc_column_text][vc_btn title=\"&gt;\" style=\"custom\" custom_background=\"#c3006b\" custom_text=\"#ffffff\" shape=\"round\" size=\"sm\" align=\"center\" el_class=\"simple simple2\" link=\"url:https%3A%2F%2Fwww.digitalrealestate.ch%2Ffr%2Fproduits-bim%2Fenquete-bim-2022%2F\"][\/vc_column_inner][\/vc_row_inner][\/vc_column][\/vc_row]\n<\/div>","protected":false},"excerpt":{"rendered":"<p>[vc_row css=\u00a0\u00bb.vc_custom_1509731652138{margin-bottom: 30px !important;}\u00a0\u00bb][vc_column][vc_column_text css_animation=\u00a0\u00bbbounceInUp\u00a0\u00bb css=\u00a0\u00bb.vc_custom_1512046409388{margin-bottom: 15px !important;}\u00a0\u00bb]<br \/>\nProduits<br \/>\n[\/vc_column_text][vc_row_inner][vc_column_inner][vc_column_text el_class=\u00a0\u00bbintro\u00a0\u00bb]Nos produits de num\u00e9risation d\u00e9di\u00e9s \u00e0 l\u2019immobilier indiquent o\u00f9 se situe le march\u00e9 aujourd\u2019hui et quels d\u00e9fis attendent les acteurs du secteur. Ils pr\u00e9sentent les tendances actuelles et analysent les \u00e9volutions du<\/p>\n","protected":false},"author":2,"featured_media":0,"parent":0,"menu_order":0,"comment_status":"closed","ping_status":"closed","template":"page-fullwidth.php","meta":{"_acf_changed":false,"_monsterinsights_skip_tracking":false,"_monsterinsights_sitenote_active":false,"_monsterinsights_sitenote_note":"","_monsterinsights_sitenote_category":0,"footnotes":"","_links_to":"","_links_to_target":""},"class_list":["post-3347","page","type-page","status-publish","hentry"],"acf":[],"_links":{"self":[{"href":"https:\/\/www.digitalrealestate.ch\/fr\/wp-json\/wp\/v2\/pages\/3347"}],"collection":[{"href":"https:\/\/www.digitalrealestate.ch\/fr\/wp-json\/wp\/v2\/pages"}],"about":[{"href":"https:\/\/www.digitalrealestate.ch\/fr\/wp-json\/wp\/v2\/types\/page"}],"author":[{"embeddable":true,"href":"https:\/\/www.digitalrealestate.ch\/fr\/wp-json\/wp\/v2\/users\/2"}],"replies":[{"embeddable":true,"href":"https:\/\/www.digitalrealestate.ch\/fr\/wp-json\/wp\/v2\/comments?post=3347"}],"version-history":[{"count":15,"href":"https:\/\/www.digitalrealestate.ch\/fr\/wp-json\/wp\/v2\/pages\/3347\/revisions"}],"predecessor-version":[{"id":13639,"href":"https:\/\/www.digitalrealestate.ch\/fr\/wp-json\/wp\/v2\/pages\/3347\/revisions\/13639"}],"wp:attachment":[{"href":"https:\/\/www.digitalrealestate.ch\/fr\/wp-json\/wp\/v2\/media?parent=3347"}],"curies":[{"name":"wp","href":"https:\/\/api.w.org\/{rel}","templated":true}]}}