{"id":3420,"date":"2017-11-05T16:10:45","date_gmt":"2017-11-05T15:10:45","guid":{"rendered":"http:\/\/www.digitalrealestate.ch\/proptechs\/"},"modified":"2017-11-30T14:34:18","modified_gmt":"2017-11-30T13:34:18","slug":"proptechs","status":"publish","type":"page","link":"https:\/\/www.digitalrealestate.ch\/fr\/proptechs\/","title":{"rendered":"Proptechs"},"content":{"rendered":"<div class=\"wpb-content-wrapper\">[vc_row css=\".vc_custom_1509731652138{margin-bottom: 30px !important;}\"][vc_column][vc_column_text css_animation=\"bounceInUp\" css=\".vc_custom_1509889522069{margin-bottom: 15px !important;}\"]\n<h1 style=\"text-align: center;\">Proptechs<\/h1>\n[\/vc_column_text][vc_row_inner][vc_column_inner][vc_column_text el_class=\"intro\"]La Property Technology, ou PropTech, en bref, est synonyme de technologies et de solutions logicielles innovantes au service de l\u2019immobilier. Dans notre rubrique PropTech, nous vous pr\u00e9sentons d\u2019int\u00e9ressantes entreprises de num\u00e9risation d\u2019ici et d\u2019ailleurs. L\u2019accent porte certes sur les start-up, mais des soci\u00e9t\u00e9s bien ancr\u00e9es disposant d\u2019un important pouvoir d\u2019innovation sont \u00e9galement expos\u00e9es.[\/vc_column_text][vc_column_text]Liste de Proptechs disponible en allemand.[\/vc_column_text][\/vc_column_inner][\/vc_row_inner][\/vc_column][\/vc_row][vc_row css=\".vc_custom_1509731390424{margin-top: 30px !important;}\"][vc_column][\/vc_column][\/vc_row][vc_row gap=\"30\" equal_height=\"yes\" content_placement=\"top\" css=\".vc_custom_1512048855693{margin-right: 0px !important;margin-bottom: 50px !important;margin-left: 0px !important;}\"][vc_column][vc_basic_grid post_type=\"page\" max_items=\"-1\" style=\"lazy\" show_filter=\"yes\" element_width=\"12\" gap=\"15\" orderby=\"title\" order=\"ASC\" filter_style=\"bordered\" item=\"2844\" grid_id=\"vc_gid:1512048811812-3729d89c-43fa-4\" taxonomies=\"44\" el_class=\"proptech\" filter_source=\"post_tag\"][\/vc_column][\/vc_row]\n<\/div>","protected":false},"excerpt":{"rendered":"<p>[vc_row css=\u00a0\u00bb.vc_custom_1509731652138{margin-bottom: 30px !important;}\u00a0\u00bb][vc_column][vc_column_text css_animation=\u00a0\u00bbbounceInUp\u00a0\u00bb css=\u00a0\u00bb.vc_custom_1509889522069{margin-bottom: 15px !important;}\u00a0\u00bb]<br \/>\nProptechs<br \/>\n[\/vc_column_text][vc_row_inner][vc_column_inner][vc_column_text el_class=\u00a0\u00bbintro\u00a0\u00bb]La Property Technology, ou PropTech, en bref, est synonyme de technologies et de solutions logicielles innovantes au service de l\u2019immobilier. Dans notre rubrique PropTech, nous vous pr\u00e9sentons d\u2019int\u00e9ressantes entreprises de num\u00e9risation d\u2019ici<\/p>\n","protected":false},"author":2,"featured_media":0,"parent":0,"menu_order":0,"comment_status":"closed","ping_status":"closed","template":"page-fullwidth.php","meta":{"_acf_changed":false,"_monsterinsights_skip_tracking":false,"_monsterinsights_sitenote_active":false,"_monsterinsights_sitenote_note":"","_monsterinsights_sitenote_category":0,"footnotes":"","_links_to":"","_links_to_target":""},"class_list":["post-3420","page","type-page","status-publish","hentry"],"acf":[],"_links":{"self":[{"href":"https:\/\/www.digitalrealestate.ch\/fr\/wp-json\/wp\/v2\/pages\/3420"}],"collection":[{"href":"https:\/\/www.digitalrealestate.ch\/fr\/wp-json\/wp\/v2\/pages"}],"about":[{"href":"https:\/\/www.digitalrealestate.ch\/fr\/wp-json\/wp\/v2\/types\/page"}],"author":[{"embeddable":true,"href":"https:\/\/www.digitalrealestate.ch\/fr\/wp-json\/wp\/v2\/users\/2"}],"replies":[{"embeddable":true,"href":"https:\/\/www.digitalrealestate.ch\/fr\/wp-json\/wp\/v2\/comments?post=3420"}],"version-history":[{"count":22,"href":"https:\/\/www.digitalrealestate.ch\/fr\/wp-json\/wp\/v2\/pages\/3420\/revisions"}],"predecessor-version":[{"id":3463,"href":"https:\/\/www.digitalrealestate.ch\/fr\/wp-json\/wp\/v2\/pages\/3420\/revisions\/3463"}],"wp:attachment":[{"href":"https:\/\/www.digitalrealestate.ch\/fr\/wp-json\/wp\/v2\/media?parent=3420"}],"curies":[{"name":"wp","href":"https:\/\/api.w.org\/{rel}","templated":true}]}}