{"id":7713,"date":"2020-08-21T10:47:01","date_gmt":"2020-08-21T09:47:01","guid":{"rendered":"https:\/\/www.digitalrealestate.ch\/digital-real-estate-summit\/"},"modified":"2022-06-03T15:16:09","modified_gmt":"2022-06-03T13:16:09","slug":"dres-romandie-2022","status":"publish","type":"page","link":"https:\/\/www.digitalrealestate.ch\/fr\/dres-romandie-2022\/","title":{"rendered":"Digital Real Estate Summit Romandie 2022"},"content":{"rendered":"<div class=\"wpb-content-wrapper\">[vc_row content_placement=\"middle\" css_animation=\"none\" full_width=\"stretch\" css=\".vc_custom_1604591279523{margin-top: 30px !important;margin-bottom: 30px !important;background-color: rgba(109,109,109,0.17) !important;*background-color: rgb(109,109,109) !important;}\"][vc_column css_animation=\"none\" css=\".vc_custom_1604591296711{padding-top: 100px !important;padding-bottom: 100px !important;background-image: url(https:\/\/www.digitalrealestate.ch\/wp-content\/uploads\/2020\/08\/DRES_Summit_2021_H3.jpg?id=7119) !important;background-position: center !important;background-repeat: no-repeat !important;background-size: cover !important;}\"][vc_column_text css=\".vc_custom_1629717873922{padding-top: 30px !important;}\" el_class=\"white\"]\n<h1 class=\"header\" style=\"text-align: center;\">5\u00c8ME DIGITAL REAL ESTATE SUMMIT ROMANDIE 2022<\/h1>\n<h2 style=\"text-align: center;\"><\/h2>\n[\/vc_column_text][\/vc_column][\/vc_row][vc_row css=\".vc_custom_1507543692264{margin-bottom: 30px !important;padding-bottom: 0px !important;}\"][vc_column][vc_column_text]\n<h4 style=\"text-align: center;\"><strong>Mercredi, 14 Septembre 2022, 8h30 \u2013 16h,<br \/>\nMus\u00e9e Olympique, Lausanne<\/strong><\/h4>\n<h4 style=\"text-align: center;\"><\/h4>\n<p style=\"text-align: center;\">La SVIT School et pom+Consulting vous donnent rendez-vous pour la 5e \u00e9dition du Digital Real Estate Summit Romandie.<br \/>\nLa digitalisation a bien p\u00e9n\u00e9tr\u00e9 l\u2019immobilier ces 5 derni\u00e8res ann\u00e9es. Aux questions, les r\u00e9ponses sont venues rapidement. La pand\u00e9mie a rajout\u00e9 son grain de sel : le monde est d\u00e9finitivement digital. Quelles sont les nouvelles solutions qui nous simplifieront la vie demain ? Sont-elles int\u00e9ressantes pour les leaders ?<\/p>\n<p style=\"text-align: center;\">Avec du contenu de qualit\u00e9 et des moments de r\u00e9seautage, le Digital Real Estate Summit Romandie est la plateforme id\u00e9ale pour \u00e9changer ses id\u00e9es et d\u00e9velopper les meilleures solutions aux d\u00e9fis actuels et futurs des milieux de l\u2019immobilier.<\/p>\n[\/vc_column_text][vc_column_text]\n<p style=\"text-align: center;\"><strong>Notre Partenaire<\/strong><\/p>\n[\/vc_column_text][vc_row_inner][vc_column_inner width=\"1\/3\"][\/vc_column_inner][vc_column_inner width=\"1\/3\"][vc_single_image image=\"8647\" img_size=\"100x71\" alignment=\"center\" css_animation=\"top-to-bottom\"][\/vc_column_inner][vc_column_inner width=\"1\/3\"][\/vc_column_inner][\/vc_row_inner][\/vc_column][\/vc_row][vc_row][vc_column][vc_tta_accordion shape=\"square\" color=\"juicy-pink\" spacing=\"1\" gap=\"1\" c_align=\"center\" c_icon=\"chevron\" c_position=\"right\" active_section=\"9\" no_fill=\"true\" collapsible_all=\"true\"][vc_tta_section title=\"Programme\" tab_id=\"1635429797290-32b0b83d-2eb3\"][vc_column_text]\n<table id=\"tablepress-12\" class=\"tablepress tablepress-id-12 tbody-has-connected-cells\">\n<tbody class=\"row-striping row-hover\">\n<tr class=\"row-1\">\n\t<td class=\"column-1\">8.30 h<\/td><td colspan=\"2\" class=\"column-2\">Caf\u00e9 d'accueil<\/td>\n<\/tr>\n<tr class=\"row-2\">\n\t<td class=\"column-1\"><\/td><td colspan=\"2\" class=\"column-2\"><\/td>\n<\/tr>\n<tr class=\"row-3\">\n\t<td class=\"column-1\">9.00 h<\/td><td colspan=\"2\" class=\"column-2\">Mot de bienvenue<\/td>\n<\/tr>\n<tr class=\"row-4\">\n\t<td class=\"column-1\"><\/td><td colspan=\"2\" class=\"column-2\">St\u00e9phane Maye<br \/>\nPartenaire, pom+Consulting SA<\/td>\n<\/tr>\n<tr class=\"row-5\">\n\t<td class=\"column-1\">9.05 h<\/td><td colspan=\"2\" class=\"column-2\">Quoi, un d\u00e9passement de budget !!!<\/td>\n<\/tr>\n<tr class=\"row-6\">\n\t<td class=\"column-1\"><\/td><td colspan=\"2\" class=\"column-2\">Stefan Cadosch<br \/>\nCEO, Kennwerte<\/td>\n<\/tr>\n<tr class=\"row-7\">\n\t<td class=\"column-1\">9.45 h<\/td><td colspan=\"2\" class=\"column-2\">Architecture param\u00e9trique<\/td>\n<\/tr>\n<tr class=\"row-8\">\n\t<td class=\"column-1\"><\/td><td colspan=\"2\" class=\"column-2\">Floriane Robert<br \/>\nCEO, Arcadie<\/td>\n<\/tr>\n<tr class=\"row-9\">\n\t<td class=\"column-1\">10.15 h<\/td><td colspan=\"2\" class=\"column-2\">Vision sur le commercial<\/td>\n<\/tr>\n<tr class=\"row-10\">\n\t<td class=\"column-1\"><\/td><td colspan=\"2\" class=\"column-2\">Julien Scarpa<br \/>\nAssociate Director Research<br \/>\n&amp; Consulting CBRE<\/td>\n<\/tr>\n<tr class=\"row-11\">\n\t<td class=\"column-1\">10.45 h<\/td><td colspan=\"2\" class=\"column-2\">Pause caf\u00e9<\/td>\n<\/tr>\n<tr class=\"row-12\">\n\t<td class=\"column-1\"><\/td><td colspan=\"2\" class=\"column-2\"><\/td>\n<\/tr>\n<tr class=\"row-13\">\n\t<td class=\"column-1\">11.15 h<\/td><td colspan=\"2\" class=\"column-2\">Solutions &amp; perspectives<\/td>\n<\/tr>\n<tr class=\"row-14\">\n\t<td class=\"column-1\"><\/td><td colspan=\"2\" class=\"column-2\">E-nno<br \/>\nUzufly<br \/>\nEvahomes<br \/>\nRoom Estate<\/td>\n<\/tr>\n<tr class=\"row-15\">\n\t<td class=\"column-1\">12.30 h<\/td><td colspan=\"2\" class=\"column-2\">Lunch<\/td>\n<\/tr>\n<tr class=\"row-16\">\n\t<td class=\"column-1\"><\/td><td colspan=\"2\" class=\"column-2\"><\/td>\n<\/tr>\n<tr class=\"row-17\">\n\t<td class=\"column-1\">14.00 h<\/td><td colspan=\"2\" class=\"column-2\">(R)\u00e9volution des leaders<\/td>\n<\/tr>\n<tr class=\"row-18\">\n\t<td class=\"column-1\"><\/td><td colspan=\"2\" class=\"column-2\">Oliver Hofmann<br \/>\nCEO, Wincasa<br \/>\n<br \/>\nPierre Epars<br \/>\nCEO, BG Ing\u00e9nieurs Conseils<br \/>\n<br \/>\nBrice Hoffer<br \/>\nHead of Real Estate Research &amp; Strategy, DACH UBS Asset Management<\/td>\n<\/tr>\n<tr class=\"row-19\">\n\t<td class=\"column-1\">15.15 h<\/td><td colspan=\"2\" class=\"column-2\">So what ?<\/td>\n<\/tr>\n<tr class=\"row-20\">\n\t<td class=\"column-1\"><\/td><td colspan=\"2\" class=\"column-2\">Natacha Litzistorf<br \/>\nDirection du logement, de<br \/>\nl'environnement &amp; de l'architecture<br \/>\nVille de Lausanne<br \/>\n<\/td>\n<\/tr>\n<tr class=\"row-21\">\n\t<td class=\"column-1\">15.45 h<\/td><td colspan=\"2\" class=\"column-2\">Conclusion<\/td>\n<\/tr>\n<tr class=\"row-22\">\n\t<td class=\"column-1\"><\/td><td class=\"column-2\">St\u00e9phane Maye<br \/>\nPartenaire, pom+Consulting SA<\/td><td class=\"column-3\"><\/td>\n<\/tr>\n<\/tbody>\n<\/table>\n[\/vc_column_text][vc_column_text]<a href=\"https:\/\/www.digitalrealestate.ch\/wp-content\/uploads\/2017\/10\/DRES-2022_Flyer-7.pdf\" target=\"_blank\" rel=\"noopener\">Download Flyer<\/a>[\/vc_column_text][\/vc_tta_section][vc_tta_section title=\"Inscription\" tab_id=\"1638886465852-e40d5e1a-ed7f\"][vc_row_inner][vc_column_inner width=\"1\/3\"][vc_column_text]<strong>Prix<\/strong><br \/>\nCHF 590.00 (TVA incluse)<br \/>\nCHF 380.00 (TVA incluse) pour les membres du SVIT Romandie<br \/>\ny compris pr\u00e9sentations des conf\u00e9renciers sous format \u00e9lectronique, accueil caf\u00e9-croissants, pause caf\u00e9 et cocktail d\u00eenatoire.[\/vc_column_text][\/vc_column_inner][vc_column_inner width=\"1\/3\"][vc_column_text]<strong>Inscription<\/strong>[\/vc_column_text][vc_btn title=\"vers l'inscription\" style=\"flat\" shape=\"round\" color=\"pink\" size=\"sm\" align=\"left\" link=\"url:https%3A%2F%2Fwww.svit.ch%2Ffr%2Fseminaires%2Finscription|target:_blank\"][\/vc_column_inner][vc_column_inner width=\"1\/3\"][\/vc_column_inner][\/vc_row_inner][\/vc_tta_section][vc_tta_section title=\"Exposants\" tab_id=\"1653918181213-a4bd8e19-1b65\"][vc_row_inner][vc_column_inner width=\"1\/4\"][vc_single_image image=\"5512\" img_size=\"211x68\" alignment=\"center\" onclick=\"custom_link\" img_link_target=\"_blank\" css_animation=\"top-to-bottom\" link=\"https:\/\/www.myesmart.com\/\"][\/vc_column_inner][vc_column_inner width=\"1\/4\"][vc_single_image image=\"8645\" img_size=\"211x68\" alignment=\"center\" onclick=\"custom_link\" img_link_target=\"_blank\" css_animation=\"top-to-bottom\" link=\"https:\/\/www.dormakaba.com\/ch-fr\"][\/vc_column_inner][vc_column_inner width=\"1\/4\"][vc_single_image image=\"7975\" img_size=\"\" alignment=\"center\" onclick=\"custom_link\" img_link_target=\"_blank\" css_animation=\"top-to-bottom\" link=\"https:\/\/www.swisscaution.ch\/fr\/\"][\/vc_column_inner][vc_column_inner width=\"1\/4\"][vc_single_image image=\"6534\" img_size=\"211x68\" alignment=\"center\" onclick=\"custom_link\" img_link_target=\"_blank\" css_animation=\"top-to-bottom\" link=\"https:\/\/flatfox.ch\/fr\/\"][\/vc_column_inner][\/vc_row_inner][\/vc_tta_section][\/vc_tta_accordion][\/vc_column][\/vc_row]\n<\/div>","protected":false},"excerpt":{"rendered":"<p>[vc_row content_placement=\u00a0\u00bbmiddle\u00a0\u00bb css_animation=\u00a0\u00bbnone\u00a0\u00bb full_width=\u00a0\u00bbstretch\u00a0\u00bb css=\u00a0\u00bb.vc_custom_1604591279523{margin-top: 30px !important;margin-bottom: 30px !important;background-color: rgba(109,109,109,0.17) !important;*background-color: rgb(109,109,109) !important;}\u00a0\u00bb][vc_column css_animation=\u00a0\u00bbnone\u00a0\u00bb css=\u00a0\u00bb.vc_custom_1604591296711{padding-top: 100px !important;padding-bottom: 100px !important;background-image: url(https:\/\/www.digitalrealestate.ch\/wp-content\/uploads\/2020\/08\/DRES_Summit_2021_H3.jpg?id=7119) !important;background-position: center !important;background-repeat: no-repeat !important;background-size: cover !important;}\u00a0\u00bb][vc_column_text css=\u00a0\u00bb.vc_custom_1629717873922{padding-top: 30px !important;}\u00a0\u00bb el_class=\u00a0\u00bbwhite\u00a0\u00bb]<br \/>\n5\u00c8ME DIGITAL REAL ESTATE SUMMIT ROMANDIE 2022<\/p>\n<p>[\/vc_column_text][\/vc_column][\/vc_row][vc_row css=\u00a0\u00bb.vc_custom_1507543692264{margin-bottom: 30px !important;padding-bottom:<\/p>\n","protected":false},"author":2,"featured_media":7676,"parent":0,"menu_order":3,"comment_status":"closed","ping_status":"closed","template":"page-fullwidth.php","meta":{"_acf_changed":false,"_monsterinsights_skip_tracking":false,"_monsterinsights_sitenote_active":false,"_monsterinsights_sitenote_note":"","_monsterinsights_sitenote_category":0,"footnotes":"","_links_to":"","_links_to_target":""},"class_list":["post-7713","page","type-page","status-publish","has-post-thumbnail","hentry"],"acf":[],"_links":{"self":[{"href":"https:\/\/www.digitalrealestate.ch\/fr\/wp-json\/wp\/v2\/pages\/7713"}],"collection":[{"href":"https:\/\/www.digitalrealestate.ch\/fr\/wp-json\/wp\/v2\/pages"}],"about":[{"href":"https:\/\/www.digitalrealestate.ch\/fr\/wp-json\/wp\/v2\/types\/page"}],"author":[{"embeddable":true,"href":"https:\/\/www.digitalrealestate.ch\/fr\/wp-json\/wp\/v2\/users\/2"}],"replies":[{"embeddable":true,"href":"https:\/\/www.digitalrealestate.ch\/fr\/wp-json\/wp\/v2\/comments?post=7713"}],"version-history":[{"count":35,"href":"https:\/\/www.digitalrealestate.ch\/fr\/wp-json\/wp\/v2\/pages\/7713\/revisions"}],"predecessor-version":[{"id":8670,"href":"https:\/\/www.digitalrealestate.ch\/fr\/wp-json\/wp\/v2\/pages\/7713\/revisions\/8670"}],"wp:featuredmedia":[{"embeddable":true,"href":"https:\/\/www.digitalrealestate.ch\/fr\/wp-json\/wp\/v2\/media\/7676"}],"wp:attachment":[{"href":"https:\/\/www.digitalrealestate.ch\/fr\/wp-json\/wp\/v2\/media?parent=7713"}],"curies":[{"name":"wp","href":"https:\/\/api.w.org\/{rel}","templated":true}]}}