{"id":8819,"date":"2022-02-28T19:22:36","date_gmt":"2022-02-28T18:22:36","guid":{"rendered":"https:\/\/www.digitalrealestate.ch\/products-dre-index\/digitalisierungsindex-2022\/"},"modified":"2025-03-12T10:28:05","modified_gmt":"2025-03-12T09:28:05","slug":"digitalisierungsindex-2022","status":"publish","type":"page","link":"https:\/\/www.digitalrealestate.ch\/fr\/produits-dre-index\/digitalisierungsindex-2022\/","title":{"rendered":"Digital Real Estate Index 2022"},"content":{"rendered":"<div class=\"wpb-content-wrapper\">[vc_row][vc_column width=\"5\/6\"]<div class=\"separator_block right\" style=\"margin-bottom:0px;\"><h2>Digital Real Estate Index 2022<\/h2><div class=\"separator short\"><div class=\"separator_line\"><\/div><\/div><div class=\"clearfix\"><\/div><\/div>[vc_column_text el_class=\"intro\"]<strong>Pour la deuxi\u00e8me fois cons\u00e9cutive, le Digital Real Estate Index augmente mod\u00e9r\u00e9ment. Mais la pouss\u00e9e de num\u00e9risation souvent cit\u00e9e dans le contexte de la crise de Corona n'a pas (encore) eu lieu dans le secteur de la construction et de l'immobilier. Au lieu de cela, on peut identifier deux autres moteurs de la num\u00e9risation: Les risques et les r\u00e9glementations. En effet, une chose devient de plus en plus claire: la cr\u00e9ation et l'extension continues des bases de donn\u00e9es entra\u00eenent des responsabilit\u00e9s accrues.<\/strong>[\/vc_column_text][vc_row_inner][vc_column_inner][\/vc_column_inner][\/vc_row_inner][\/vc_column][vc_column width=\"1\/6\"][\/vc_column][\/vc_row][vc_row][vc_column width=\"1\/2\"][\/vc_column][vc_column width=\"1\/2\"][\/vc_column][\/vc_row][vc_row][vc_column][vc_column_text css=\".vc_custom_1665567919336{margin-top: 0px !important;}\" el_class=\"intro\"]L'\u00e9tude de march\u00e9 2022 se base sur environ 200 \u00e9valuations et d\u00e9clarations de cadres et de sp\u00e9cialistes du secteur de la construction et de l'immobilier. Elle pr\u00e9sente de mani\u00e8re approfondie l'\u00e9valuation de la branche sur douze tendances et r\u00e9pond \u00e0 d'autres questions passionnantes:<\/p>\n<ul class=\"intro\">\n<li>Quels r\u00f4les ont rattrap\u00e9 leur retard en mati\u00e8re de maturit\u00e9 num\u00e9rique, lesquels ont \u00e9t\u00e9 distanc\u00e9s?<\/li>\n<li>Quand la majorit\u00e9 des acteurs du march\u00e9 r\u00e9pondront-ils aux exigences de l'\u00e9conomie circulaire?<\/li>\n<li>Quelles sont les 5 principales technologies de demain?<\/li>\n<li>Quel a \u00e9t\u00e9 l'impact de la pand\u00e9mie de Corona sur la num\u00e9risation du secteur immobilier jusqu'\u00e0 pr\u00e9sent?<\/li>\n<li>Quel est l'impact des b\u00e2timents intelligents sur le secteur immobilier?<\/li>\n<\/ul>\n<p>D\u00e9couvrez-le d\u00e8s maintenant dans l'\u00e9dition 2022.[\/vc_column_text][vc_row_inner content_placement=\"middle\"][vc_column_inner width=\"1\/3\"]<div class=\"ult-modal-input-wrapper ult-adjust-bottom-margin\" data-keypress-control=\"keypress-control-enable\" data-overlay-control=\"overlay-control-enable\"><button style=\"background:#c3006b;border-color:#c3006b;color:#ffffff;\" data-class-id=\"content-69f563d693fe81-94918117\" class=\"btn-modal btn-primary btn-modal-md overlay-show ult-align-left\" data-overlay-class=\"overlay-cornerbottomleft\">T\u00c9L\u00c9CHARGER L'\u00c9TUDE &gt;<\/button><\/div>\n<div class=\"ult-overlay content-69f563d693fe81-94918117 \" data-class=\"content-69f563d693fe81-94918117\" id=\"button-click-overlay\" style=\"background:rgba(51,51,51,0.8); display:none;\">\n\t<div class=\"ult_modal ult-fade ult-small\">\n\t\t<div class=\"ult_modal-content\" style=\"\">\n\t\t\t<div class=\"ult_modal-header\" style=\"color:#333333;\">\n\t\t\t\t<h3 class=\"ult_modal-title\">T\u00c9L\u00c9CHARGEMENT GRATUIT: Enqu\u00eate 2022 en allemand<\/h3>\n\t\t\t<\/div>\n\t\t\t<div class=\"ult_modal-body ult-html\" style=\"\">\n\t\t\t\n<h4><strong>7. Digital Real Estate Umfrage 2022 <\/strong><\/h4>\n<p>Veuillez remplir les champs ci-dessous. En envoyant le formulaire, le t\u00e9l\u00e9chargement se fera automatiquement dans votre navigateur.<\/p>\n\n<div class=\"wpcf7 no-js\" id=\"wpcf7-f8489-o1\" lang=\"de-DE\" dir=\"ltr\" data-wpcf7-id=\"8489\">\n<div class=\"screen-reader-response\"><p role=\"status\" aria-live=\"polite\" aria-atomic=\"true\"><\/p> <ul><\/ul><\/div>\n<form action=\"\/fr\/wp-json\/wp\/v2\/pages\/8819#wpcf7-f8489-o1\" method=\"post\" class=\"wpcf7-form init\" aria-label=\"Kontaktformular\" novalidate=\"novalidate\" data-status=\"init\">\n<div style=\"display: none;\">\n<input type=\"hidden\" name=\"_wpcf7\" value=\"8489\" \/>\n<input type=\"hidden\" name=\"_wpcf7_version\" value=\"6.0.5\" \/>\n<input type=\"hidden\" name=\"_wpcf7_locale\" value=\"de_DE\" \/>\n<input type=\"hidden\" name=\"_wpcf7_unit_tag\" value=\"wpcf7-f8489-o1\" \/>\n<input type=\"hidden\" name=\"_wpcf7_container_post\" value=\"0\" \/>\n<input type=\"hidden\" name=\"_wpcf7_posted_data_hash\" value=\"\" \/>\n<\/div>\n<p><span id=\"wpcf7-69f563d699387-wrapper\" class=\"wpcf7-form-control-wrap honeypot-211-wrap\" style=\"display:none !important; visibility:hidden !important;\"><label for=\"wpcf7-69f563d699387-field\" class=\"hp-message\">Bitte lasse dieses Feld leer.<\/label><input id=\"wpcf7-69f563d699387-field\"  class=\"wpcf7-form-control wpcf7-text\" type=\"text\" name=\"honeypot-211\" value=\"\" size=\"40\" tabindex=\"-1\" autocomplete=\"new-password\" \/><\/span>\n<\/p>\n<p>Name (*)\n<\/p>\n<p><span class=\"wpcf7-form-control-wrap\" data-name=\"nachname\"><input size=\"40\" maxlength=\"400\" class=\"wpcf7-form-control wpcf7-text wpcf7-validates-as-required\" aria-required=\"true\" aria-invalid=\"false\" value=\"\" type=\"text\" name=\"nachname\" \/><\/span>\n<\/p>\n<p>Vorname (*)\n<\/p>\n<p><span class=\"wpcf7-form-control-wrap\" data-name=\"vorname\"><input size=\"40\" maxlength=\"400\" class=\"wpcf7-form-control wpcf7-text wpcf7-validates-as-required\" aria-required=\"true\" aria-invalid=\"false\" value=\"\" type=\"text\" name=\"vorname\" \/><\/span>\n<\/p>\n<p>Firma (*)\n<\/p>\n<p><span class=\"wpcf7-form-control-wrap\" data-name=\"firma\"><input size=\"40\" maxlength=\"400\" class=\"wpcf7-form-control wpcf7-text wpcf7-validates-as-required\" aria-required=\"true\" aria-invalid=\"false\" value=\"\" type=\"text\" name=\"firma\" \/><\/span>\n<\/p>\n<p>Funktion (*)\n<\/p>\n<p><span class=\"wpcf7-form-control-wrap\" data-name=\"funktion\"><input size=\"40\" maxlength=\"400\" class=\"wpcf7-form-control wpcf7-text wpcf7-validates-as-required\" aria-required=\"true\" aria-invalid=\"false\" value=\"\" type=\"text\" name=\"funktion\" \/><\/span>\n<\/p>\n<p>E-Mail-Adresse (*)\n<\/p>\n<p><span class=\"wpcf7-form-control-wrap\" data-name=\"email\"><input size=\"40\" maxlength=\"400\" class=\"wpcf7-form-control wpcf7-email wpcf7-validates-as-required wpcf7-text wpcf7-validates-as-email\" aria-required=\"true\" aria-invalid=\"false\" value=\"\" type=\"email\" name=\"email\" \/><\/span>\n<\/p>\n<p><input class=\"wpcf7-form-control wpcf7-submit has-spinner\" type=\"submit\" value=\"Senden\" \/>\n<\/p><div class=\"wpcf7-response-output\" aria-hidden=\"true\"><\/div>\n<\/form>\n<\/div>\n\n\t\t\t<\/div>\n\t<\/div>\n\t<\/div>\n\t<div class=\"ult-overlay-close top-right\" style=\"width:80px;height:80px; \"><div class=\"ult-overlay-close-inside\">Close<\/div><\/div>\n<\/div>[\/vc_column_inner][vc_column_inner width=\"1\/3\"][\/vc_column_inner][vc_column_inner width=\"1\/3\"][\/vc_column_inner][\/vc_row_inner][\/vc_column][\/vc_row][vc_row content_placement=\"middle\" full_width=\"stretch\"][vc_column][\/vc_column][\/vc_row][vc_row css=\".vc_custom_1645779881844{margin-top: 50px !important;}\"][vc_column][vc_cta h2=\"CALCULEZ MAINTENANT GRATUITEMENT VOTRE DIGITAL REAL ESTATE INDEX!\" txt_align=\"center\" shape=\"square\" add_button=\"bottom\" btn_title=\"CALCULEZ MAINTENANT &gt;\" btn_style=\"flat\" btn_shape=\"round\" btn_color=\"pink\" btn_align=\"center\" btn_css_animation=\"none\" btn_link=\"url:https%3A%2F%2Fumfrage.digitalrealestate.ch%2Fcalculator%2F1218995%2Fh1UlYE-61fcf0b5b56cba12a9215591a7072641-changeLang-899768|title:Teilnahme|target:_blank\"][\/vc_cta][\/vc_column][\/vc_row]\n<\/div>","protected":false},"excerpt":{"rendered":"<p>[vc_row][vc_column width=\u00a0\u00bb5\/6&Prime;][vc_column_text el_class=\u00a0\u00bbintro\u00a0\u00bb]Pour la deuxi\u00e8me fois cons\u00e9cutive, le Digital Real Estate Index augmente mod\u00e9r\u00e9ment. Mais la pouss\u00e9e de num\u00e9risation souvent cit\u00e9e dans le contexte de la crise de Corona n&rsquo;a pas (encore) eu lieu dans le secteur de la construction<\/p>\n","protected":false},"author":2,"featured_media":13138,"parent":8816,"menu_order":8,"comment_status":"closed","ping_status":"closed","template":"page-side-navigation.php","meta":{"_acf_changed":false,"_monsterinsights_skip_tracking":false,"_monsterinsights_sitenote_active":false,"_monsterinsights_sitenote_note":"","_monsterinsights_sitenote_category":0,"footnotes":"","_links_to":"","_links_to_target":""},"class_list":["post-8819","page","type-page","status-publish","has-post-thumbnail","hentry"],"acf":[],"_links":{"self":[{"href":"https:\/\/www.digitalrealestate.ch\/fr\/wp-json\/wp\/v2\/pages\/8819"}],"collection":[{"href":"https:\/\/www.digitalrealestate.ch\/fr\/wp-json\/wp\/v2\/pages"}],"about":[{"href":"https:\/\/www.digitalrealestate.ch\/fr\/wp-json\/wp\/v2\/types\/page"}],"author":[{"embeddable":true,"href":"https:\/\/www.digitalrealestate.ch\/fr\/wp-json\/wp\/v2\/users\/2"}],"replies":[{"embeddable":true,"href":"https:\/\/www.digitalrealestate.ch\/fr\/wp-json\/wp\/v2\/comments?post=8819"}],"version-history":[{"count":9,"href":"https:\/\/www.digitalrealestate.ch\/fr\/wp-json\/wp\/v2\/pages\/8819\/revisions"}],"predecessor-version":[{"id":9167,"href":"https:\/\/www.digitalrealestate.ch\/fr\/wp-json\/wp\/v2\/pages\/8819\/revisions\/9167"}],"up":[{"embeddable":true,"href":"https:\/\/www.digitalrealestate.ch\/fr\/wp-json\/wp\/v2\/pages\/8816"}],"wp:featuredmedia":[{"embeddable":true,"href":"https:\/\/www.digitalrealestate.ch\/fr\/wp-json\/wp\/v2\/media\/13138"}],"wp:attachment":[{"href":"https:\/\/www.digitalrealestate.ch\/fr\/wp-json\/wp\/v2\/media?parent=8819"}],"curies":[{"name":"wp","href":"https:\/\/api.w.org\/{rel}","templated":true}]}}