{"id":9159,"date":"2023-03-07T06:00:37","date_gmt":"2023-03-07T05:00:37","guid":{"rendered":"https:\/\/www.digitalrealestate.ch\/?page_id=9159"},"modified":"2025-03-12T10:27:21","modified_gmt":"2025-03-12T09:27:21","slug":"digitalisierungsindex-2023","status":"publish","type":"page","link":"https:\/\/www.digitalrealestate.ch\/fr\/produits-dre-index\/digitalisierungsindex-2023\/","title":{"rendered":"Digital Real Estate Index 2023"},"content":{"rendered":"<div class=\"wpb-content-wrapper\">[vc_row][vc_column width=\"5\/6\"]<div class=\"separator_block right\" style=\"margin-bottom:0px;\"><h2>Digital Real Estate Index 2023<\/h2><div class=\"separator short\"><div class=\"separator_line\"><\/div><\/div><div class=\"clearfix\"><\/div><\/div>[vc_column_text el_class=\"intro\"]<strong>Le \u00ab\u00a0Digital Real Estate Index\u00a0\u00bb du secteur de la construction et de l'immobilier ronronne. Pour la \u00e9ni\u00e8me fois, le niveau de maturit\u00e9 num\u00e9rique augmente en douceur cette ann\u00e9e. Les raisons possibles de cette lente \u00e9volution sont une faible maturit\u00e9 des donn\u00e9es ainsi que la stagnation de l'\u00e9valuation des technologies num\u00e9riques pertinentes.<\/strong>[\/vc_column_text][vc_row_inner][vc_column_inner][\/vc_column_inner][\/vc_row_inner][\/vc_column][vc_column width=\"1\/6\"][\/vc_column][\/vc_row][vc_row][vc_column width=\"1\/2\"][\/vc_column][vc_column width=\"1\/2\"][\/vc_column][\/vc_row][vc_row][vc_column][vc_column_text css=\".vc_custom_1678170305628{margin-top: 0px !important;}\" el_class=\"intro\"]L'\u00e9tude de march\u00e9 2023 se base sur environ 180 d\u00e9clarations et \u00e9valuations de dirigeants et de sp\u00e9cialistes du secteur de la construction et de l'immobilier en Suisse et en Allemagne. Elle montre l'utilisation des technologies pertinentes et l'\u00e9valuation par le secteur de la maturit\u00e9 num\u00e9rique des diff\u00e9rents r\u00f4les. Elle r\u00e9pond en outre \u00e0 d'autres questions importantes :<\/p>\n<ul class=\"intro\">\n<li>Quel est l'impact du rench\u00e9rissement sur les investissements dans l'innovation et la num\u00e9risation ?<\/li>\n<li>Quels sont les r\u00f4les qui investissent le plus dans la transformation num\u00e9rique ? Quels sont ceux qui le font le moins ?<\/li>\n<li>Dans quelle mesure la conscience vis-\u00e0-vis des donn\u00e9es a-t-elle \u00e9volu\u00e9 ?<\/li>\n<li>Quelle est l'importance accord\u00e9e aujourd'hui aux Data Analytics ? A quelles \u00e9volutions faut-il s'attendre ?<\/li>\n<li>Quel est le niveau de data literacy et de data maturity dans le secteur ?<\/li>\n<\/ul>\n<p>Vous trouverez les r\u00e9ponses \u00e0 ces questions dans l'\u00e9dition 2023.[\/vc_column_text][vc_row_inner content_placement=\"middle\"][vc_column_inner width=\"1\/2\"]<div class=\"ult-modal-input-wrapper ult-adjust-bottom-margin\" data-keypress-control=\"keypress-control-enable\" data-overlay-control=\"overlay-control-enable\"><button style=\"background:#c3006b;border-color:#c3006b;color:#ffffff;\" data-class-id=\"content-69e8a02581e277-66244118\" class=\"btn-modal btn-primary btn-modal-md overlay-show ult-align-left\" data-overlay-class=\"overlay-cornerbottomleft\">T\u00e9l\u00e9charger l'\u00e9tude (en anglais) &gt;<\/button><\/div>\n<div class=\"ult-overlay content-69e8a02581e277-66244118 \" data-class=\"content-69e8a02581e277-66244118\" id=\"button-click-overlay\" style=\"background:rgba(51,51,51,0.8); display:none;\">\n\t<div class=\"ult_modal ult-fade ult-small\">\n\t\t<div class=\"ult_modal-content\" style=\"\">\n\t\t\t<div class=\"ult_modal-header\" style=\"color:#333333;\">\n\t\t\t\t<h3 class=\"ult_modal-title\">T\u00c9L\u00c9CHARGEMENT GRATUIT : LA NUM\u00c9RISATION DANS LE SECTEUR DE L'IMMOBILIER<\/h3>\n\t\t\t<\/div>\n\t\t\t<div class=\"ult_modal-body ult-html\" style=\"\">\n\t\t\t\n<h4>8. ENQU\u00caTE DIGITAL REAL ESTATE 2023 (en anglais)<\/h4>\n<h4><strong>\u00a0<\/strong><\/h4>\n<p>Veuillez remplir les champs ci-dessous. En envoyant le formulaire, le t\u00e9l\u00e9chargement se fera automatiquement dans votre navigateur.<\/p>\n\n<div class=\"wpcf7 no-js\" id=\"wpcf7-f9162-o1\" lang=\"de-DE\" dir=\"ltr\" data-wpcf7-id=\"9162\">\n<div class=\"screen-reader-response\"><p role=\"status\" aria-live=\"polite\" aria-atomic=\"true\"><\/p> <ul><\/ul><\/div>\n<form action=\"\/fr\/wp-json\/wp\/v2\/pages\/9159#wpcf7-f9162-o1\" method=\"post\" class=\"wpcf7-form init\" aria-label=\"Kontaktformular\" novalidate=\"novalidate\" data-status=\"init\">\n<div style=\"display: none;\">\n<input type=\"hidden\" name=\"_wpcf7\" value=\"9162\" \/>\n<input type=\"hidden\" name=\"_wpcf7_version\" value=\"6.0.5\" \/>\n<input type=\"hidden\" name=\"_wpcf7_locale\" value=\"de_DE\" \/>\n<input type=\"hidden\" name=\"_wpcf7_unit_tag\" value=\"wpcf7-f9162-o1\" \/>\n<input type=\"hidden\" name=\"_wpcf7_container_post\" value=\"0\" \/>\n<input type=\"hidden\" name=\"_wpcf7_posted_data_hash\" value=\"\" \/>\n<\/div>\n<p><span id=\"wpcf7-69e8a02586d86-wrapper\" class=\"wpcf7-form-control-wrap honeypot-786-wrap\" style=\"display:none !important; visibility:hidden !important;\"><label for=\"wpcf7-69e8a02586d86-field\" class=\"hp-message\">Bitte lasse dieses Feld leer.<\/label><input id=\"wpcf7-69e8a02586d86-field\"  class=\"wpcf7-form-control wpcf7-text\" type=\"text\" name=\"honeypot-786\" value=\"\" size=\"40\" tabindex=\"-1\" autocomplete=\"new-password\" \/><\/span>\n<\/p>\n<p>Nom (*)\n<\/p>\n<p><span class=\"wpcf7-form-control-wrap\" data-name=\"nachname\"><input size=\"40\" maxlength=\"400\" class=\"wpcf7-form-control wpcf7-text wpcf7-validates-as-required\" aria-required=\"true\" aria-invalid=\"false\" value=\"\" type=\"text\" name=\"nachname\" \/><\/span>\n<\/p>\n<p>Pr\u00e9nom (*)\n<\/p>\n<p><span class=\"wpcf7-form-control-wrap\" data-name=\"vorname\"><input size=\"40\" maxlength=\"400\" class=\"wpcf7-form-control wpcf7-text wpcf7-validates-as-required\" aria-required=\"true\" aria-invalid=\"false\" value=\"\" type=\"text\" name=\"vorname\" \/><\/span>\n<\/p>\n<p>Firma (*)\n<\/p>\n<p><span class=\"wpcf7-form-control-wrap\" data-name=\"firma\"><input size=\"40\" maxlength=\"400\" class=\"wpcf7-form-control wpcf7-text wpcf7-validates-as-required\" aria-required=\"true\" aria-invalid=\"false\" value=\"\" type=\"text\" name=\"firma\" \/><\/span>\n<\/p>\n<p>Fonction (*)\n<\/p>\n<p><span class=\"wpcf7-form-control-wrap\" data-name=\"funktion\"><input size=\"40\" maxlength=\"400\" class=\"wpcf7-form-control wpcf7-text wpcf7-validates-as-required\" aria-required=\"true\" aria-invalid=\"false\" value=\"\" type=\"text\" name=\"funktion\" \/><\/span>\n<\/p>\n<p>Adresse e-mail (*)\n<\/p>\n<p><span class=\"wpcf7-form-control-wrap\" data-name=\"email\"><input size=\"40\" maxlength=\"400\" class=\"wpcf7-form-control wpcf7-email wpcf7-validates-as-required wpcf7-text wpcf7-validates-as-email\" aria-required=\"true\" aria-invalid=\"false\" value=\"\" type=\"email\" name=\"email\" \/><\/span>\n<\/p>\n<p><input class=\"wpcf7-form-control wpcf7-submit has-spinner\" type=\"submit\" value=\"envoyer\" \/>\n<\/p><div class=\"wpcf7-response-output\" aria-hidden=\"true\"><\/div>\n<\/form>\n<\/div>\n\n\t\t\t<\/div>\n\t<\/div>\n\t<\/div>\n\t<div class=\"ult-overlay-close top-right\" style=\"width:80px;height:80px; \"><div class=\"ult-overlay-close-inside\">Close<\/div><\/div>\n<\/div>[\/vc_column_inner][vc_column_inner width=\"1\/2\"][\/vc_column_inner][\/vc_row_inner][\/vc_column][\/vc_row][vc_row content_placement=\"middle\" full_width=\"stretch\"][vc_column][\/vc_column][\/vc_row][vc_row css=\".vc_custom_1645779881844{margin-top: 50px !important;}\"][vc_column][vc_cta h2=\"CALCULEZ MAINTENANT GRATUITEMENT VOTRE DIGITAL REAL ESTATE INDEX!\" txt_align=\"center\" shape=\"square\" add_button=\"bottom\" btn_title=\"CALCULEZ MAINTENANT &gt;\" btn_style=\"flat\" btn_shape=\"round\" btn_color=\"pink\" btn_align=\"center\" btn_css_animation=\"none\" btn_link=\"url:https%3A%2F%2Fumfrage.digitalrealestate.ch%2Fcalculator%2F1218995%2Fh1UlYE-61fcf0b5b56cba12a9215591a7072641-changeLang-899768|title:Teilnahme|target:_blank\"][\/vc_cta][\/vc_column][\/vc_row]\n<\/div>","protected":false},"excerpt":{"rendered":"<p>[vc_row][vc_column width=\u00a0\u00bb5\/6&Prime;][vc_column_text el_class=\u00a0\u00bbintro\u00a0\u00bb]Le \u00ab\u00a0Digital Real Estate Index\u00a0\u00bb du secteur de la construction et de l&rsquo;immobilier ronronne. Pour la \u00e9ni\u00e8me fois, le niveau de maturit\u00e9 num\u00e9rique augmente en douceur cette ann\u00e9e. Les raisons possibles de cette lente \u00e9volution sont une faible<\/p>\n","protected":false},"author":2,"featured_media":13135,"parent":8816,"menu_order":7,"comment_status":"closed","ping_status":"closed","template":"page-side-navigation.php","meta":{"_acf_changed":false,"_monsterinsights_skip_tracking":false,"_monsterinsights_sitenote_active":false,"_monsterinsights_sitenote_note":"","_monsterinsights_sitenote_category":0,"footnotes":"","_links_to":"","_links_to_target":""},"class_list":["post-9159","page","type-page","status-publish","has-post-thumbnail","hentry"],"acf":[],"_links":{"self":[{"href":"https:\/\/www.digitalrealestate.ch\/fr\/wp-json\/wp\/v2\/pages\/9159"}],"collection":[{"href":"https:\/\/www.digitalrealestate.ch\/fr\/wp-json\/wp\/v2\/pages"}],"about":[{"href":"https:\/\/www.digitalrealestate.ch\/fr\/wp-json\/wp\/v2\/types\/page"}],"author":[{"embeddable":true,"href":"https:\/\/www.digitalrealestate.ch\/fr\/wp-json\/wp\/v2\/users\/2"}],"replies":[{"embeddable":true,"href":"https:\/\/www.digitalrealestate.ch\/fr\/wp-json\/wp\/v2\/comments?post=9159"}],"version-history":[{"count":13,"href":"https:\/\/www.digitalrealestate.ch\/fr\/wp-json\/wp\/v2\/pages\/9159\/revisions"}],"predecessor-version":[{"id":9216,"href":"https:\/\/www.digitalrealestate.ch\/fr\/wp-json\/wp\/v2\/pages\/9159\/revisions\/9216"}],"up":[{"embeddable":true,"href":"https:\/\/www.digitalrealestate.ch\/fr\/wp-json\/wp\/v2\/pages\/8816"}],"wp:featuredmedia":[{"embeddable":true,"href":"https:\/\/www.digitalrealestate.ch\/fr\/wp-json\/wp\/v2\/media\/13135"}],"wp:attachment":[{"href":"https:\/\/www.digitalrealestate.ch\/fr\/wp-json\/wp\/v2\/media?parent=9159"}],"curies":[{"name":"wp","href":"https:\/\/api.w.org\/{rel}","templated":true}]}}